{"id":1589,"date":"2025-05-12T09:16:13","date_gmt":"2025-05-12T07:16:13","guid":{"rendered":"https:\/\/wellco.cat\/el-metodo-wellco\/"},"modified":"2025-09-03T12:54:42","modified_gmt":"2025-09-03T10:54:42","slug":"el-metodo-wellco","status":"publish","type":"page","link":"https:\/\/wellco.cat\/es\/el-metodo-wellco\/","title":{"rendered":"El M\u00e9todo WellCo"},"content":{"rendered":"<p>[et_pb_section fb_built=&#8221;1&#8243; fullwidth=&#8221;on&#8221; _builder_version=&#8221;4.27.4&#8243; _module_preset=&#8221;default&#8221; global_colors_info=&#8221;{}&#8221;][et_pb_fullwidth_header title=&#8221;El M\u00e9todo WellCo&#8221; content_max_width=&#8221;800px&#8221; _builder_version=&#8221;4.27.4&#8243; _module_preset=&#8221;default&#8221; global_colors_info=&#8221;{}&#8221;]<\/p>\n<h2>Tres generaciones cuidando la piel<\/h2>\n<p>En WellCo lleva d\u00e9cadas perfeccionando una forma propia y contrastada de cuidar la piel, combinando experiencia, tecnolog\u00eda avanzada y ciencia. El <strong>M\u00e9todo WellCo<\/strong> est\u00e1 basado en un sistema propio desarrollado por tres generaciones de esteticistas, actualizado continuamente con aparatolog\u00eda y cosm\u00e9tica de \u00faltima generaci\u00f3n. Un m\u00e9todo eficaz, riguroso y 100% personalizado que ofrece resultados visibles.<\/p>\n<p>[\/et_pb_fullwidth_header][\/et_pb_section][et_pb_section fb_built=&#8221;1&#8243; _builder_version=&#8221;4.27.4&#8243; _module_preset=&#8221;default&#8221; global_colors_info=&#8221;{}&#8221;][et_pb_row _builder_version=&#8221;4.27.4&#8243; _module_preset=&#8221;default&#8221; global_colors_info=&#8221;{}&#8221;][et_pb_column type=&#8221;4_4&#8243; _builder_version=&#8221;4.27.4&#8243; _module_preset=&#8221;default&#8221; global_colors_info=&#8221;{}&#8221;][et_pb_heading title=&#8221;\u00bfC\u00f3mo funciona el M\u00e9todo WellCo?&#8221; _builder_version=&#8221;4.27.4&#8243; _module_preset=&#8221;default&#8221; title_level=&#8221;h2&#8243; global_colors_info=&#8221;{}&#8221;][\/et_pb_heading][dipi_timeline show_card_arrow=&#8221;off&#8221; layout=&#8221;right&#8221; line_area_size=&#8221;90px&#8221; timeline_line_width=&#8221;1px&#8221; timeline_active_line_width=&#8221;1px&#8221; timeline_active_line_color=&#8221;#D4BB84&#8243; _builder_version=&#8221;4.27.4&#8243; _module_preset=&#8221;default&#8221; hover_enabled=&#8221;0&#8243; custom_css_free_form=&#8221;selector .ribbon-icon.ribbon-icon-circle.active {||  background-color:#f2f3f3!important;||  border:#d4bb84 solid 1px!important;||  color:#21305d!important;||}||selector .ribbon-icon.ribbon-icon-circle {||  padding:10px!important;||  color:#21305d!important;||  width:40px;||  height:40px;||}||selector .ribbon-icon:before {||  font-family:&#8217;Crimson Text&#8217;,Georgia,%22Times New Roman%22,serif;||  font-size:20px;||  font-weight:600;||}||selector .ribbon-icon {||  font-size:0px;||  justify-content: center;||}&#8221; global_colors_info=&#8221;{}&#8221; sticky_enabled=&#8221;0&#8243; line_area_size_last_edited=&#8221;on|phone&#8221; line_area_size_phone=&#8221;45px&#8221; line_area_size_tablet=&#8221;90px&#8221;][dipi_timeline_item title=&#8221;Diagn\u00f3stico integral&#8221; show_button=&#8221;on&#8221; button_text=&#8221;Reserva tu diagn\u00f3stico gratuito&#8221; button_url=&#8221;https:\/\/wellco.simplybook.it\/v2\/#book\/service\/3&#8243; _builder_version=&#8221;4.27.4&#8243; _module_preset=&#8221;default&#8221; header_level=&#8221;h3&#8243; header_font=&#8221;&#8211;et_global_body_font|700|||||||&#8221; hover_enabled=&#8221;0&#8243; custom_css_free_form=&#8221;selector .ribbon-icon:before {||  content:%221%22;||}&#8221; custom_css_timeline_item_title=&#8221;text-transform:none;&#8221; global_colors_info=&#8221;{}&#8221; timeline_icon_color__hover_enabled=&#8221;off|desktop&#8221; button_text_last_edited=&#8221;on|phone&#8221; sticky_enabled=&#8221;0&#8243; button_text_phone=&#8221;Reserva&#8221; button_text_tablet=&#8221;Reserva el teu diagn\u00f2stic gratu\u00eft&#8221;]<\/p>\n<h4>s\u00f3lo podemos cuidar bien la piel si primero la entendemos<\/h4>\n<p>Nuestro diagn\u00f3stico supera lo habitual, porque no s\u00f3lo observamos la piel, sino que valoramos a la persona en su conjunto.<\/p>\n<ul>\n<li>Entrevista exhaustiva sobre h\u00e1bitos, estilo de vida, estr\u00e9s y alimentaci\u00f3n.<\/li>\n<li>Observaci\u00f3n visual y palpaci\u00f3n manual experta.<\/li>\n<li>Diagn\u00f3stico con CosmoSensor, analizador facial con inteligencia artificial de \u00faltima generaci\u00f3n.<\/li>\n<\/ul>\n<p>De esta forma, descubrimos qu\u00e9 necesita tu piel.<\/p>\n<p>[\/dipi_timeline_item][dipi_timeline_item title=&#8221;Programa de tratamiento personalizado&#8221; _builder_version=&#8221;4.27.4&#8243; _module_preset=&#8221;default&#8221; header_level=&#8221;h3&#8243; header_font=&#8221;&#8211;et_global_body_font|700|||||||&#8221; custom_css_free_form=&#8221;selector .ribbon-icon:before {||  content:%222%22;||}&#8221; custom_css_timeline_item_title=&#8221;text-transform:none;&#8221; global_colors_info=&#8221;{}&#8221;]<\/p>\n<h4>no hay dos pieles iguales<\/h4>\n<p>Con la informaci\u00f3n del diagn\u00f3stico dise\u00f1amos un plan completamente personalizado, global y sostenible, siempre adaptado a tu objetivo cut\u00e1neo. El plan puede incluir:<\/p>\n<ul>\n<li>Tratamientos faciales y corporales en cabina<\/li>\n<li>Cosm\u00e9tica profesional con eficacia cl\u00ednicamente probada para mantener los resultados<\/li>\n<li>Nutricosm\u00e9tica para cuidar la piel desde dentro<\/li>\n<li>Derivaci\u00f3n a profesionales colaboradores (como Marta Rico) para complementar desde la naturopat\u00eda o el equilibrio emocional.<\/li>\n<\/ul>\n<p>[\/dipi_timeline_item][dipi_timeline_item title=&#8221;Tratamiento + experiencia&#8221; _builder_version=&#8221;4.27.4&#8243; _module_preset=&#8221;default&#8221; header_level=&#8221;h3&#8243; header_font=&#8221;&#8211;et_global_body_font|700|||||||&#8221; custom_css_free_form=&#8221;selector .ribbon-icon:before {||  content:%223%22;||}&#8221; custom_css_timeline_item_title=&#8221;text-transform:none;&#8221; global_colors_info=&#8221;{}&#8221;]<\/p>\n<h4>ciencia, t\u00e9cnica y sensaciones<\/h4>\n<p>Cada sesi\u00f3n en WellCo combina t\u00e9cnica experta, aparatolog\u00eda de \u00faltima generaci\u00f3n y una experiencia multisensorial \u00fanica:<\/p>\n<ul>\n<li>Uso de activos cosm\u00e9ticos de alta calidad<\/li>\n<li>Tecnolog\u00eda avanzada para optimizar resultados<\/li>\n<li>Ambientaci\u00f3n con aromaterapia, luz relajante y m\u00fasica<\/li>\n<li>T\u00e9cnicas de masaje espec\u00edficas para cada necesidad.<\/li>\n<\/ul>\n<p>As\u00ed, no s\u00f3lo cuidamos la piel, sino tambi\u00e9n c\u00f3mo te sientes.<\/p>\n<p>[\/dipi_timeline_item][dipi_timeline_item title=&#8221;Seguimiento y acompa\u00f1amiento&#8221; _builder_version=&#8221;4.27.4&#8243; _module_preset=&#8221;default&#8221; header_level=&#8221;h3&#8243; header_font=&#8221;&#8211;et_global_body_font|700|||||||&#8221; custom_css_free_form=&#8221;selector .ribbon-icon:before {||  content:%224%22;||}&#8221; custom_css_timeline_item_title=&#8221;text-transform:none;&#8221; global_colors_info=&#8221;{}&#8221;]<\/p>\n<h4>transformar la piel es un proceso. Te acompa\u00f1amos<\/h4>\n<p>Con nuestra ficha de objetivos visuales, documentamos y medimos resultados con fotograf\u00edas e indicadores concretos. Revisamos y adaptamos el plan de tratamiento seg\u00fan la evoluci\u00f3n de la piel.<\/p>\n<p>T\u00fa observas el cambio y nosotros estamos a tu lado en cada etapa del proceso.<\/p>\n<ul><\/ul>\n<p>[\/dipi_timeline_item][\/dipi_timeline][\/et_pb_column][\/et_pb_row][\/et_pb_section][et_pb_section fb_built=&#8221;1&#8243; _builder_version=&#8221;4.27.4&#8243; _module_preset=&#8221;default&#8221; background_color=&#8221;#F1F1EF&#8221; locked=&#8221;off&#8221; global_colors_info=&#8221;{}&#8221;][et_pb_row _builder_version=&#8221;4.27.4&#8243; _module_preset=&#8221;default&#8221; global_colors_info=&#8221;{}&#8221;][et_pb_column type=&#8221;4_4&#8243; _builder_version=&#8221;4.27.4&#8243; _module_preset=&#8221;default&#8221; global_colors_info=&#8221;{}&#8221;][et_pb_cta title=&#8221;Empieza hoy mismo a cuidarte con tu m\u00e9todo wellco&#8221; button_url=&#8221;https:\/\/wellco.simplybook.it\/v2\/#book\/service\/3&#8243; button_text=&#8221;Reserva tu diagn\u00f3stico gratuito&#8221; _builder_version=&#8221;4.27.4&#8243; _module_preset=&#8221;default&#8221; text_orientation=&#8221;center&#8221; width=&#8221;700px&#8221; max_width=&#8221;100%&#8221; module_alignment=&#8221;center&#8221; global_colors_info=&#8221;{}&#8221;]<\/p>\n<p>Descubre por qu\u00e9 nuestro m\u00e9todo marca la diferencia. Reserva hoy tu diagn\u00f3stico integral personalizado y da el primer paso para conseguir la piel que deseas. Te acompa\u00f1aremos en todo el proceso con profesionalidad, sensibilidad y resultados visibles.<\/p>\n<p>[\/et_pb_cta][\/et_pb_column][\/et_pb_row][\/et_pb_section]<\/p>\n","protected":false},"excerpt":{"rendered":"<p>Tres generaciones cuidando la piel En WellCo lleva d\u00e9cadas perfeccionando una forma propia y contrastada de cuidar la piel, combinando experiencia, tecnolog\u00eda avanzada y ciencia. El M\u00e9todo WellCo est\u00e1 basado en un sistema propio desarrollado por tres generaciones de esteticistas, actualizado continuamente con aparatolog\u00eda y cosm\u00e9tica de \u00faltima generaci\u00f3n. Un m\u00e9todo eficaz, riguroso y 100% [&hellip;]<\/p>\n","protected":false},"author":1,"featured_media":0,"parent":0,"menu_order":0,"comment_status":"closed","ping_status":"closed","template":"","meta":{"_et_pb_use_builder":"on","_et_pb_old_content":"","_et_gb_content_width":"","footnotes":""},"class_list":["post-1589","page","type-page","status-publish","hentry"],"_links":{"self":[{"href":"https:\/\/wellco.cat\/es\/wp-json\/wp\/v2\/pages\/1589","targetHints":{"allow":["GET"]}}],"collection":[{"href":"https:\/\/wellco.cat\/es\/wp-json\/wp\/v2\/pages"}],"about":[{"href":"https:\/\/wellco.cat\/es\/wp-json\/wp\/v2\/types\/page"}],"author":[{"embeddable":true,"href":"https:\/\/wellco.cat\/es\/wp-json\/wp\/v2\/users\/1"}],"replies":[{"embeddable":true,"href":"https:\/\/wellco.cat\/es\/wp-json\/wp\/v2\/comments?post=1589"}],"version-history":[{"count":12,"href":"https:\/\/wellco.cat\/es\/wp-json\/wp\/v2\/pages\/1589\/revisions"}],"predecessor-version":[{"id":1808,"href":"https:\/\/wellco.cat\/es\/wp-json\/wp\/v2\/pages\/1589\/revisions\/1808"}],"wp:attachment":[{"href":"https:\/\/wellco.cat\/es\/wp-json\/wp\/v2\/media?parent=1589"}],"curies":[{"name":"wp","href":"https:\/\/api.w.org\/{rel}","templated":true}]}}