{"id":1611,"date":"2025-05-09T08:06:01","date_gmt":"2025-05-09T06:06:01","guid":{"rendered":"https:\/\/wellco.cat\/accesibilidad-web\/"},"modified":"2025-09-03T13:34:30","modified_gmt":"2025-09-03T11:34:30","slug":"accesibilidad-web","status":"publish","type":"page","link":"https:\/\/wellco.cat\/es\/accesibilidad-web\/","title":{"rendered":"Accesibilidad web"},"content":{"rendered":"\n<h1 class=\"wp-block-heading\">Accesibilidad web<\/h1>\n\n<p>Nadsan 2006 S.L se compromete a que el sitio web <a href=\"https:\/\/wellco.cat\/es\/\" data-type=\"link\" data-id=\"wellco.cat\">wellco.cat<\/a> sea accesible para todos los usuarios, incluyendo a personas con discapacidades. Estamos comprometidos a garantizar que nuestro sitio web cumpla con las pautas de accesibilidad web de nivel AA de la WCAG 2.1.<\/p>\n\n<h2 class=\"wp-block-heading\">Situaci\u00f3n del cumplimiento<\/h2>\n\n<p>Las Pautas de Accesibilidad para el Contenido Web (WCAG) definen los requisitos para dise\u00f1adores y desarrolladores para mejorar la accesibilidad para personas con discapacidad. Se definen tres niveles de conformidad: Nivel A, Nivel AA y Nivel AAA. <a href=\"https:\/\/wellco.cat\/es\/\" data-type=\"link\" data-id=\"wellco.cat\">wellco.cat<\/a> cumple parcialmente con WCAG 2.1 Nivel AA. Parcialmente conforme significa que algunas partes del contenido no cumplen completamente con el est\u00e1ndar de accesibilidad.<\/p>\n\n<h2 class=\"wp-block-heading\">Contenido no accesible<\/h2>\n\n<p>Podr\u00edan existir documentos ofim\u00e1ticos en PDF y otros formatos que no cumplan totalmente los requisitos de accesibilidad. Pueden solicitarse los documentos completamente accesibles desde el formulario de contacto.<\/p>\n\n<p>Podr\u00edan existir errores de c\u00f3digo puntuales de edici\u00f3n en alguna p\u00e1gina web.<\/p>\n\n<h2 class=\"wp-block-heading\">Feedback<\/h2>\n\n<p>Estamos comprometidos a seguir mejorando la accesibilidad de nuestro sitio web para garantizar que sea accesible a todos. Si tienes alguna pregunta o sugerencia, por favor cont\u00e1ctanos.<\/p>\n\n<p>Signatura: Nadsan 2006 S.L<br\/>Fecha:09\/05\/2025<\/p>\n","protected":false},"excerpt":{"rendered":"<p>Accesibilidad web Nadsan 2006 S.L se compromete a que el sitio web wellco.cat sea accesible para todos los usuarios, incluyendo a personas con discapacidades. Estamos comprometidos a garantizar que nuestro sitio web cumpla con las pautas de accesibilidad web de nivel AA de la WCAG 2.1. Situaci\u00f3n del cumplimiento Las Pautas de Accesibilidad para el [&hellip;]<\/p>\n","protected":false},"author":1,"featured_media":0,"parent":0,"menu_order":0,"comment_status":"closed","ping_status":"closed","template":"","meta":{"_et_pb_use_builder":"off","_et_pb_old_content":"","_et_gb_content_width":"","footnotes":""},"class_list":["post-1611","page","type-page","status-publish","hentry"],"_links":{"self":[{"href":"https:\/\/wellco.cat\/es\/wp-json\/wp\/v2\/pages\/1611","targetHints":{"allow":["GET"]}}],"collection":[{"href":"https:\/\/wellco.cat\/es\/wp-json\/wp\/v2\/pages"}],"about":[{"href":"https:\/\/wellco.cat\/es\/wp-json\/wp\/v2\/types\/page"}],"author":[{"embeddable":true,"href":"https:\/\/wellco.cat\/es\/wp-json\/wp\/v2\/users\/1"}],"replies":[{"embeddable":true,"href":"https:\/\/wellco.cat\/es\/wp-json\/wp\/v2\/comments?post=1611"}],"version-history":[{"count":5,"href":"https:\/\/wellco.cat\/es\/wp-json\/wp\/v2\/pages\/1611\/revisions"}],"predecessor-version":[{"id":1818,"href":"https:\/\/wellco.cat\/es\/wp-json\/wp\/v2\/pages\/1611\/revisions\/1818"}],"wp:attachment":[{"href":"https:\/\/wellco.cat\/es\/wp-json\/wp\/v2\/media?parent=1611"}],"curies":[{"name":"wp","href":"https:\/\/api.w.org\/{rel}","templated":true}]}}