{"id":1613,"date":"2025-04-10T09:27:57","date_gmt":"2025-04-10T07:27:57","guid":{"rendered":"https:\/\/wellco.cat\/aviso-legal\/"},"modified":"2025-08-28T08:36:11","modified_gmt":"2025-08-28T06:36:11","slug":"aviso-legal","status":"publish","type":"page","link":"https:\/\/wellco.cat\/es\/aviso-legal\/","title":{"rendered":"Aviso legal"},"content":{"rendered":"\n<h1 class=\"wp-block-heading\">Aviso legal<\/h1>\n\n<p>Puedo garantizarte que te encuentras en un espacio 100% seguro. Por eso, en cumplimiento del deber de informaci\u00f3n recogido en el art\u00edculo 10 de la Ley 34\/2002, de 11 de julio, de Servicios de la Sociedad de la Informaci\u00f3n y Comercio Electr\u00f3nico (LSSI-CE), se hace constar lo siguiente:<\/p>\n\n<h2 class=\"wp-block-heading\">1. Aviso Legal y Condiciones de Uso<\/h2>\n\n<h3 class=\"wp-block-heading\">1.1 Datos identificativos del responsable<\/h3>\n\n<p>En cumplimiento de lo que establece la Ley 34\/2002, de 11 de julio, de servicios de la sociedad de la informaci\u00f3n y de comercio electr\u00f3nico, se informa que:<\/p>\n\n<ul class=\"wp-block-list\">\n<li><strong>Denominaci\u00f3n social:<\/strong> Nadsan 2006 S.L.<\/li>\n\n\n\n<li><strong>CIF:<\/strong> B64187016<\/li>\n\n\n\n<li><strong>Domicilio social:<\/strong> C\/ Puig Cugul, 3, 08775 \u2013 Torrelavit<\/li>\n\n\n\n<li><strong>Correo electr\u00f3nico: info@wellco.cat<\/strong><\/li>\n<\/ul>\n\n<h3 class=\"wp-block-heading\">1.2 Finalidad del sitio web<\/h3>\n\n<p>Los servicios prestados por el responsable del sitio web son los siguientes:<\/p>\n\n<ul class=\"wp-block-list\">\n<li>Atender sus consultas y peticiones.<\/li>\n\n\n\n<li>Informar de los servicios realidades a WellCo Belleza y Bienestar.<\/li>\n<\/ul>\n\n<h3 class=\"wp-block-heading\">1.3 Usuarios<\/h3>\n\n<p>El acceso y\/o uso de este sitio web atribuye la condici\u00f3n de USUARIO, que acepta, desde ese acceso y\/o uso, las presentes condiciones de uso. Sin embargo, el uso del sitio web no implica el inicio de ninguna relaci\u00f3n laboral o comercial.<\/p>\n\n<h3 class=\"wp-block-heading\">1.4 Uso del sitio web y recogida de informaci\u00f3n<\/h3>\n\n<h4 class=\"wp-block-heading\">1.4.1 Uso del sitio web<\/h4>\n\n<p>La p\u00e1gina web https:\/\/wellco.cat\/ (en adelante, &#8220;LA WEB&#8221;) proporciona acceso a art\u00edculos, informaciones, servicios y datos (en adelante, &#8220;los contenidos&#8221;) propiedad de Nadsan 2006 S.L. El USUARIO asume la responsabilidad del uso de la web.<\/p>\n\n<p>El USUARIO se compromete a hacer un uso adecuado de los contenidos ofrecidos a trav\u00e9s de la web y, de forma enunciativa pero no limitativa, a no utilizarlos por:<\/p>\n\n<ul class=\"wp-block-list\">\n<li>a) Realizar actividades il\u00edcitas, ilegales o contrarias a la buena fe y al orden p\u00fablico.<\/li>\n\n\n\n<li>b) Difundir contenidos o propaganda de car\u00e1cter racista, xen\u00f3fobo, pornogr\u00e1fico-ilegal, de apolog\u00eda del terrorismo o que atente contra los derechos humanos.<\/li>\n\n\n\n<li>c) Provocar da\u00f1os en los sistemas f\u00edsicos y l\u00f3gicos de https:\/\/wellco.cat\/, de sus proveedores o de terceros, introducir o difundir virus inform\u00e1ticos u otros sistemas f\u00edsicos o l\u00f3gicos que puedan provocar da\u00f1os.<\/li>\n\n\n\n<li>d) Intentar acceder y, en su caso, utilizar las cuentas de correo electr\u00f3nico de otros usuarios, as\u00ed como modificar o manipular sus mensajes.<\/li>\n<\/ul>\n\n<p>Nadsan 2006 S.L. se reserva el derecho de retirar todos aquellos comentarios y aportaciones que vulneren el respeto a la dignidad de las personas, sean discriminatorios, xen\u00f3fobos, racistas, pornogr\u00e1ficos, que atenten contra la juventud o la infancia, el orden o la seguridad p\u00fablica o que, seg\u00fan su criterio, no sean adecuados para su publicaci\u00f3n.<\/p>\n\n<p>En qualsevol cas, Nadsan 2006 S.L. no ser\u00e0 responsable de les opinions expressades pels usuaris a trav\u00e9s del blog o altres eines de participaci\u00f3.<\/p>\n\n<h4 class=\"wp-block-heading\">1.4.2 Recogida de informaci\u00f3n<\/h4>\n\n<ul class=\"wp-block-list\">\n<li>Formulario de contacto: el USUARIO deber\u00e1 cumplimentar el campo de correo electr\u00f3nico, asunto y nombre.<\/li>\n\n\n\n<li>Cookies de seguimiento, de acuerdo con las reglas descritas en la pol\u00edtica de cookies.<\/li>\n\n\n\n<li>Navegaci\u00f3n y direcci\u00f3n IP: Al navegar por esta web, el usuario facilita de forma autom\u00e1tica al servidor de la web informaci\u00f3n relativa a su direcci\u00f3n IP, fecha y hora de acceso, el hiperv\u00ednculo que lo ha reenviado, el sistema operativo y el navegador utilizado.<\/li>\n<\/ul>\n\n<p>Los usuarios pueden darse de baja en cualquier momento de los servicios prestados por Nadsan 2006 S.L. o de sus propios datos, en cumplimiento de la normativa vigente sobre protecci\u00f3n de datos.<\/p>\n\n<h2 class=\"wp-block-heading\">2. Propietat intel\u00b7lectual i industrial<\/h2>\n\n<p>Nadsan 2006 S.L., como titular o cesionario, es propietaria de todos los derechos de propiedad intelectual e industrial de su p\u00e1gina web, as\u00ed como de los elementos contenidos en ella. Queda prohibida la reproducci\u00f3n, distribuci\u00f3n y comunicaci\u00f3n p\u00fablica de la totalidad o parte de los contenidos de este sitio web, con fines comerciales, en cualquier soporte y medio t\u00e9cnico, sin autorizaci\u00f3n de Nadsan 2006 S.L.<\/p>\n\n<h2 class=\"wp-block-heading\">3. Exclusi\u00f3n de garant\u00edas y responsabilidad<\/h2>\n\n<p>Nadsan 2006 S.L. no se hace responsable de los da\u00f1os y perjuicios que pudieran derivarse del uso del sitio web, errores en los contenidos, indisponibilidad del servicio o la transmisi\u00f3n de virus, a pesar de haber adoptado todas las medidas tecnol\u00f3gicas para evitarlo.<\/p>\n\n<h2 class=\"wp-block-heading\">4. Modificaciones<\/h2>\n\n<p>Nadsan 2006 S.L. se reserva el derecho de modificar, sin previo aviso, el contenido y configuraci\u00f3n de la web.<\/p>\n\n<h2 class=\"wp-block-heading\">5. Legislaci\u00f3n y Jurisdicci\u00f3n<\/h2>\n\n<p>La relaci\u00f3n entre Nadsan 2006 S.L. y el USUARIO se regir\u00e1 por la legislaci\u00f3n espa\u00f1ola vigente, y cualquier controversia se someter\u00e1 a los tribunales competentes.<\/p>\n","protected":false},"excerpt":{"rendered":"<p>Aviso legal Puedo garantizarte que te encuentras en un espacio 100% seguro. Por eso, en cumplimiento del deber de informaci\u00f3n recogido en el art\u00edculo 10 de la Ley 34\/2002, de 11 de julio, de Servicios de la Sociedad de la Informaci\u00f3n y Comercio Electr\u00f3nico (LSSI-CE), se hace constar lo siguiente: 1. Aviso Legal y Condiciones [&hellip;]<\/p>\n","protected":false},"author":1,"featured_media":0,"parent":0,"menu_order":0,"comment_status":"closed","ping_status":"closed","template":"","meta":{"_et_pb_use_builder":"off","_et_pb_old_content":"","_et_gb_content_width":"","footnotes":""},"class_list":["post-1613","page","type-page","status-publish","hentry"],"_links":{"self":[{"href":"https:\/\/wellco.cat\/es\/wp-json\/wp\/v2\/pages\/1613","targetHints":{"allow":["GET"]}}],"collection":[{"href":"https:\/\/wellco.cat\/es\/wp-json\/wp\/v2\/pages"}],"about":[{"href":"https:\/\/wellco.cat\/es\/wp-json\/wp\/v2\/types\/page"}],"author":[{"embeddable":true,"href":"https:\/\/wellco.cat\/es\/wp-json\/wp\/v2\/users\/1"}],"replies":[{"embeddable":true,"href":"https:\/\/wellco.cat\/es\/wp-json\/wp\/v2\/comments?post=1613"}],"version-history":[{"count":3,"href":"https:\/\/wellco.cat\/es\/wp-json\/wp\/v2\/pages\/1613\/revisions"}],"predecessor-version":[{"id":1722,"href":"https:\/\/wellco.cat\/es\/wp-json\/wp\/v2\/pages\/1613\/revisions\/1722"}],"wp:attachment":[{"href":"https:\/\/wellco.cat\/es\/wp-json\/wp\/v2\/media?parent=1613"}],"curies":[{"name":"wp","href":"https:\/\/api.w.org\/{rel}","templated":true}]}}