{"id":1619,"date":"2025-05-12T08:15:07","date_gmt":"2025-05-12T06:15:07","guid":{"rendered":"https:\/\/wellco.cat\/condiciones-de-uso\/"},"modified":"2025-08-28T10:10:24","modified_gmt":"2025-08-28T08:10:24","slug":"condiciones-de-uso","status":"publish","type":"page","link":"https:\/\/wellco.cat\/es\/condiciones-de-uso\/","title":{"rendered":"Condiciones de uso"},"content":{"rendered":"\n<p>Las presentes condiciones generales de compra en <a href=\"http:\/\/www.wellco.cat\/\" target=\"_blank\" rel=\"noreferrer noopener\">www.wellco.cat<\/a> (en adelante, las \u201cCondiciones Generales\u201d) regulan exclusivamente las relaciones contractuales entre cualquier usuario de la web <a href=\"http:\/\/www.wellco.cat\/\" target=\"_blank\" rel=\"noreferrer noopener\">www.wellco.cat <\/a>\u2014perteneciente a la sociedad Nadsan 2006 SL, con CIF B64187016 y domicilio fiscal en la calle Puig Cugul, 3, 08775 Torrelavit (Barcelona)\u2014, de ahora en adelante &#8220;usuario&#8221;, &#8220;cliente&#8221; o &#8220;usted&#8221;, y el vendedor, WellCo.<\/p>\n\n<p>Estas Condiciones Generales de venta son las \u00fanicas aplicables y sustituyen a cualquier otra condici\u00f3n, salvo anulaci\u00f3n expresa, previa y por escrito. WellCo se reserva el derecho de modificar puntualmente los t\u00e9rminos de las Condiciones Generales, por lo que recomendamos leerlas en cada visita a <a href=\"http:\/\/www.wellco.cat\/\" target=\"_blank\" rel=\"noreferrer noopener\">www.wellco.cat<\/a> (en adelante, \u201cla web\u201d). Las modificaciones tendr\u00e1n efecto desde el momento de su publicaci\u00f3n y no se aplicar\u00e1n con car\u00e1cter retroactivo a compras anteriores.<\/p>\n\n<p>Cada compra se rige por las condiciones aplicables en la fecha del pedido. Al realizar un pedido, usted acepta, sin reservas, estas Condiciones Generales de venta. Al acceder a la web, usted se compromete a respetar tanto las Condiciones Generales como las Condiciones de Uso vigentes. Si no est\u00e1 de acuerdo con cualquiera de estas condiciones, le pedimos que no utilice la web.<\/p>\n\n<p>2. C\u00d3MO COMPRAR UN CHEQUE REGALO<\/p>\n\n<p>Para comprar en nuestra tienda online basta con elegir el tratamiento o ritual que desea regalar, a\u00f1adirlo a la cesta, indicar los datos del destinatario y la forma de entrega, y tramitar el pedido con el m\u00e9todo de pago escogido.<\/p>\n\n<p>Para completar la compra o acceder a determinados servicios, deber\u00e1 registrar sus datos personales y crear una contrase\u00f1a. Este proceso facilita compras futuras evitando tener que introducir de nuevo su informaci\u00f3n.<\/p>\n\n<p>Si lo prefiere, tambi\u00e9n puede realizar la compra por tel\u00e9fono llamando al +34 674 51 74 00.<\/p>\n\n<p>3. PRECIOS<\/p>\n\n<p>Los precios de los cheques regalo de los tratamientos indicados en la web est\u00e1n expresados en euros y corresponden al precio final del cheque regalo, excluyendo posibles gastos de env\u00edo. <a href=\"http:\/\/www.wellco.cat\/\" target=\"_blank\" rel=\"noreferrer noopener\">www.wellco.cat<\/a> se reserva el derecho a modificar los precios en cualquier momento, pero aplicar\u00e1 siempre el precio vigente en el momento del pedido.<\/p>\n\n<p>4. OPCIONES DE ENTREGA DE LOS CHEQUES REGALO<\/p>\n\n<p>Entrega virtual: Una vez confirmado el pago, se enviar\u00e1 en un m\u00e1ximo de 48 horas un cheque regalo digital en formato PDF a la direcci\u00f3n de correo electr\u00f3nico facilitada. El beneficiario deber\u00e1 presentar este cheque impreso el d\u00eda de su cita.<\/p>\n\n<p>Gastos de env\u00edo: ninguna.<\/p>\n\n<p>5. FORMA DE PAGO<\/p>\n\n<p>Los cheques regalo se pueden adquirir a trav\u00e9s de <a href=\"http:\/\/www.wellco.cat\/\" target=\"_blank\" rel=\"noreferrer noopener\">www.wellco.cat<\/a> con dos formas de pago seguras:<\/p>\n\n<p>Tarjeta de cr\u00e9dito, a trav\u00e9s de la pasarela de pago segura.<\/p>\n\n<p>Transferencia bancaria (puede retrasar el env\u00edo seg\u00fan el tiempo de recepci\u00f3n de la transferencia).<\/p>\n\n<p>6. FACTURACI\u00d3N Y DOCUMENTO DE CARGO<\/p>\n\n<p>Una vez recibido el pago, se emitir\u00e1 y enviar\u00e1 por correo electr\u00f3nico el documento de cargo correspondiente. El concepto de cheque regalo no est\u00e1 sujeto a IVA. Si el cliente desea recibir una factura, deber\u00e1 solicitarla enviando un correo electr\u00f3nico con el n\u00famero del cheque regalo.<\/p>\n\n<p>7. CONDICIONES DE USO DE LOS CHEQUES REGALO<\/p>\n\n<p>1 \u2013 Reserva y cancelaci\u00f3n<\/p>\n\n<p>Para utilizar un cheque regalo, el beneficiario debe contactar con nosotros para concertar d\u00eda y hora de la cita, llamando al 674 51 74 00 o escribiendo a <a href=\"mailto:info@wellco.cat\" target=\"_blank\" rel=\"noreferrer noopener\">info@wellco.cat.<\/a> Para confirmar la reserva, deber\u00e1 indicar el n\u00famero del cheque regalo.<\/p>\n\n<p>El d\u00eda de la cita, es necesario presentar el cheque regalo impreso. Sin este documento, no se podr\u00e1 utilizar el servicio.<\/p>\n\n<p>Para modificar o anular una reserva, es necesario avisar con un m\u00ednimo de 48 horas de antelaci\u00f3n. Si no se cumple ese plazo, el cheque regalo perder\u00e1 su validez.<\/p>\n\n<p>2 \u2013 Validez del cheque regalo<\/p>\n\n<p>Los cheques regalo tienen una validez de 6 meses desde la fecha de compra. Una vez caducado, el cheque pierde su valor y no puede utilizarse.<\/p>\n\n<p>Los cheques regalo no son reembolsables, ni pueden ser canjeados por otros servicios fuera del cat\u00e1logo de tratamientos y rituales en vigor en WellCo.<\/p>\n\n<p>3 \u2013 Importe del cheque regalo<\/p>\n\n<p>Los cheques regalo representan un valor a utilizar en tratamientos de WellCo. El beneficiario puede modificar el tratamiento indicado, siempre que lo comunique en el momento de reservar:<\/p>\n\n<p>Si el nuevo tratamiento tiene un coste superior, deber\u00e1 abonarse la diferencia el d\u00eda de la cita.<\/p>\n\n<p>Si el coste es inferior al valor del cheque regalo, la diferencia no se reembolsar\u00e1 en ning\u00fan caso, pero podr\u00e1 consumirse en otros tratamientos o productos de WellCo durante el per\u00edodo de validez del cheque.<\/p>\n\n<p>4 \u2013 P\u00e9rdida del cheque regalo<\/p>\n\n<p>El cheque regalo tiene valor econ\u00f3mico. En caso de p\u00e9rdida, no se podr\u00e1 emitir un duplicado ni canjear por otro.<\/p>\n\n<p>Los cheques regalo no son reembolsables.<\/p>\n\n<p>8. SEGURIDAD<\/p>\n\n<p>A trav\u00e9s de <a href=\"http:\/\/www.wellco.cat\/\" target=\"_blank\" rel=\"noreferrer noopener\">www.wellco.cat<\/a>, Nadsan 2006 SL no recibe en ning\u00fan momento los datos de su tarjeta de cr\u00e9dito. Estos datos son procesados directamente por la plataforma de pago segura, que es quien nos confirma la operaci\u00f3n.<\/p>\n\n<p>9. GESTI\u00d3N DE DATOS PERSONALES<\/p>\n\n<p>En cumplimiento del Reglamento (UE) 2016\/679 (RGPD) y de la Ley Org\u00e1nica 3\/2018 (LOPDGDD), le informamos que los datos personales facilitados durante el proceso de compra (nombre, apellidos, direcci\u00f3n, tel\u00e9fono, correo electr\u00f3nico, raz\u00f3n social y CIF, si procede) ser\u00e1n tratados por Nadsan 2006 SL con el fin de gestionar su pedido, prestar el servicio, realizar la facturaci\u00f3n correspondiente y, con su previo consentimiento, enviarle informaci\u00f3n comercial relacionada con WellCo.<\/p>\n\n<p>Los datos se conservar\u00e1n mientras se mantenga la relaci\u00f3n comercial y durante los plazos legales establecidos. No se comunicar\u00e1n a terceros, salvo por obligaci\u00f3n legal.<\/p>\n\n<p>Usted puede ejercitar sus derechos de acceso, rectificaci\u00f3n, supresi\u00f3n, limitaci\u00f3n, oposici\u00f3n y portabilidad dirigi\u00e9ndose a <a href=\"mailto:info@wellco.cat\" target=\"_blank\" rel=\"noreferrer noopener\">info@wellco.cat<\/a> o por correo postal a: C\/ Puig Cugul, 3, 08775 Torrelavit (Barcelona), adjuntando una copia de su DNI.<\/p>\n\n<p>Los datos se custodian en servidores seguros y s\u00f3lo accede personal autorizado, garantizando su confidencialidad e integridad.<\/p>\n\n<p>10. PROPIEDAD INTELECTUAL<\/p>\n\n<p>Nadsan 2006 SL, con CIF B64187016 e inscrita en el Registro Mercantil de Barcelona, es la responsable de la venta de cheques regalo de los tratamientos ofrecidos a trav\u00e9s de su web. Todas las operaciones de venta se consideran realizadas en la calle Torres i Bages, 2, 08770 Sant Sadurn\u00ed d&#8217;Anoia, Barcelona.<\/p>\n\n<p>Joan Nadal<\/p>\n\n<p>Cosmonou Cosmetics<br\/>678686942<br\/><a href=\"http:\/\/www.cosmonou.com\/\" target=\"_blank\" rel=\"noreferrer noopener\">www.cosmonou.com<\/a><\/p>\n","protected":false},"excerpt":{"rendered":"<p>Las presentes condiciones generales de compra en www.wellco.cat (en adelante, las \u201cCondiciones Generales\u201d) regulan exclusivamente las relaciones contractuales entre cualquier usuario de la web www.wellco.cat \u2014perteneciente a la sociedad Nadsan 2006 SL, con CIF B64187016 y domicilio fiscal en la calle Puig Cugul, 3, 08775 Torrelavit (Barcelona)\u2014, de ahora en adelante &#8220;usuario&#8221;, &#8220;cliente&#8221; o &#8220;usted&#8221;, [&hellip;]<\/p>\n","protected":false},"author":1,"featured_media":0,"parent":0,"menu_order":0,"comment_status":"closed","ping_status":"closed","template":"","meta":{"_et_pb_use_builder":"off","_et_pb_old_content":"","_et_gb_content_width":"","footnotes":""},"class_list":["post-1619","page","type-page","status-publish","hentry"],"_links":{"self":[{"href":"https:\/\/wellco.cat\/es\/wp-json\/wp\/v2\/pages\/1619","targetHints":{"allow":["GET"]}}],"collection":[{"href":"https:\/\/wellco.cat\/es\/wp-json\/wp\/v2\/pages"}],"about":[{"href":"https:\/\/wellco.cat\/es\/wp-json\/wp\/v2\/types\/page"}],"author":[{"embeddable":true,"href":"https:\/\/wellco.cat\/es\/wp-json\/wp\/v2\/users\/1"}],"replies":[{"embeddable":true,"href":"https:\/\/wellco.cat\/es\/wp-json\/wp\/v2\/comments?post=1619"}],"version-history":[{"count":3,"href":"https:\/\/wellco.cat\/es\/wp-json\/wp\/v2\/pages\/1619\/revisions"}],"predecessor-version":[{"id":1788,"href":"https:\/\/wellco.cat\/es\/wp-json\/wp\/v2\/pages\/1619\/revisions\/1788"}],"wp:attachment":[{"href":"https:\/\/wellco.cat\/es\/wp-json\/wp\/v2\/media?parent=1619"}],"curies":[{"name":"wp","href":"https:\/\/api.w.org\/{rel}","templated":true}]}}