{"id":1633,"date":"2025-03-31T09:54:30","date_gmt":"2025-03-31T07:54:30","guid":{"rendered":"https:\/\/wellco.cat\/politica-de-cookies\/"},"modified":"2025-08-28T10:08:15","modified_gmt":"2025-08-28T08:08:15","slug":"politica-de-cookies","status":"publish","type":"page","link":"https:\/\/wellco.cat\/es\/politica-de-cookies\/","title":{"rendered":"Pol\u00edtica de cookies"},"content":{"rendered":"\n<h1 class=\"wp-block-heading\">Pol\u00edtica de cookies<\/h1>\n\n<p>La LSSI-CE obliga a todos aquellos que tenemos un blog o web a advertir al usuario de la existencia de cookies, informar sobre ellas y requerir su permiso para descargarlas.<\/p>\n\n<p>Siguiendo lo establecido en el art\u00edculo 22.2 de la Ley 34\/2002: \u201cLos prestadores de servicios podr\u00e1n utilizar dispositivos de almacenamiento y recuperaci\u00f3n de datos en equipos terminales de los destinatarios, siempre que estos hayan dado su consentimiento despu\u00e9s de que se les haya facilitado informaci\u00f3n clara y completa sobre su utilizaci\u00f3n, en particular, sobre las finalidades del tratamiento de los datos, de acuerdo con lo que dispone la Ley Org\u00e1nica 15\/1999, de 13 de diciembre, de Protecci\u00f3n de Datos de Car\u00e1cter Personal\u201d.<\/p>\n\n<p>Debes saber que, teniendo en cuenta la forma en que funciona Internet y los sitios web, no siempre es posible contar con informaci\u00f3n actualizada de las cookies que terceras partes pueden utilizar a trav\u00e9s de este sitio web.<\/p>\n\n<p>Esto se aplica especialmente en casos en los que esta p\u00e1gina web contiene elementos integrados: es decir, textos, documentos, im\u00e1genes o breves pel\u00edculas que se almacenan en otra parte, pero se muestran en nuestro sitio web.<\/p>\n\n<p>En consecuencia, si te encuentras con este tipo de cookies en este sitio web y no est\u00e1n enumeradas en la siguiente lista, te agradecer\u00edamos que nos lo comunicaras. Tambi\u00e9n puedes ponerte en contacto directamente con el tercero para solicitar informaci\u00f3n sobre las cookies que coloca, la finalidad y la duraci\u00f3n de la cookie, y c\u00f3mo ha garantizado su privacidad.<\/p>\n\n<h2 class=\"wp-block-heading\">\u00bfQu\u00e9 son las cookies?<\/h2>\n\n<p>Las cookies son una herramienta utilizada por los servidores web para almacenar y recuperar informaci\u00f3n sobre sus visitantes. Se trata de un archivo de texto que algunos servidores piden a nuestro navegador que escriba en nuestro disco duro, con informaci\u00f3n sobre lo que hemos estado haciendo por sus p\u00e1ginas. Disponen de una fecha de caducidad, que puede oscilar entre el tiempo que dura la sesi\u00f3n hasta una fecha futura especificada a partir de la cual dejan de ser operativas.<\/p>\n\n<h2 class=\"wp-block-heading\">Las cookies que utiliza esta web<\/h2>\n\n<p>Esta web utiliza cookies propias y de terceros para conseguir que tengas una mejor experiencia de navegaci\u00f3n, puedas compartir contenido en redes sociales, mostrar anuncios en funci\u00f3n de tus intereses y obtener estad\u00edsticas de usuarios.<\/p>\n\n<p>Por eso, las cookies utilizadas en https:\/\/wellco.cat\/ se asocian \u00fanicamente con un Usuario an\u00f3nimo y su ordenador, no proporcionan referencias que permitan deducir el nombre y apellidos del Usuario y no pueden leer datos de su disco duro ni incluir virus en sus textos. Asimismo, https:\/\/wellco.cat\/ no puede leer las cookies implantadas en el disco duro del Usuario desde otros servidores.<\/p>\n\n<p>El usuario puede decidir libremente sobre la implantaci\u00f3n o no de las cookies en su disco duro. En este sentido, puede configurar el navegador para aceptar o rechazar por defecto todas las cookies o para recibir un aviso en la pantalla de la recepci\u00f3n de cada cookie y decidir en ese momento su implantaci\u00f3n o no. Le sugerimos consultar la secci\u00f3n de ayuda del navegador para saber c\u00f3mo cambiar la configuraci\u00f3n que utiliza actualmente. Aunque el Usuario configure su navegador para rechazar todas las cookies o rechace expresamente las cookies de https:\/\/wellco.cat\/, podr\u00e1 navegar por el Portal con el \u00fanico inconveniente de no poder disfrutar de las funcionalidades que requieren la instalaci\u00f3n de algunas de ellas.<\/p>\n\n<p>El Usuario podr\u00e1 eliminar las cookies implantadas en su disco duro en cualquier momento, siguiendo el procedimiento establecido en la secci\u00f3n de ayuda del navegador.<\/p>\n\n<h2 class=\"wp-block-heading\">Como usuario, \u00bfc\u00f3mo puedes gestionar y desactivar estas cookies?<\/h2>\n\n<p>Si no deseas que este sitio web instale ninguna cookie en tu equipo, puedes configurar tu navegador de forma que te notifique antes de que se descargue ninguna cookie.<\/p>\n\n<p>Tambi\u00e9n puedes modificar la configuraci\u00f3n del navegador para rechazar todas las cookies o solo las de terceros. Adem\u00e1s, puedes eliminar cualquiera de las cookies que ya se encuentren en tu equipo. Ten en cuenta que tendr\u00e1s que adaptar por separado la configuraci\u00f3n de cada navegador y dispositivo que utilices.<\/p>\n\n<h2 class=\"wp-block-heading\">Las cookies de esta web ayudan a:<\/h2>\n\n<ul class=\"wp-block-list\">\n<li>Hacer que esta web funcione correctamente.<\/li>\n\n\n\n<li>Ahorrarte tener que iniciar sesi\u00f3n cada vez que visites este sitio.<\/li>\n\n\n\n<li>Recordar tus ajustes durante y entre visitas.<\/li>\n\n\n\n<li>Permitir visualizar v\u00eddeos.<\/li>\n\n\n\n<li>Mejorar la velocidad y seguridad del sitio.<\/li>\n\n\n\n<li>Permitir que puedas compartir p\u00e1ginas con redes sociales.<\/li>\n\n\n\n<li>Mejorar continuamente ese sitio web.<\/li>\n\n\n\n<li>Mostrar anuncios en funci\u00f3n de tus h\u00e1bitos de navegaci\u00f3n.<\/li>\n<\/ul>\n\n<h2 class=\"wp-block-heading\">Cookies de terceros que utilizamos en esta web y que debes conocer<\/h2>\n\n<p>Este sitio web, como la mayor\u00eda de sitios web, incluye funcionalidades proporcionadas por terceros. Tambi\u00e9n se prueban regularmente nuevos dise\u00f1os o servicios de terceros para recomendaciones e informes.<\/p>\n\n<p>Esto puede modificar ocasionalmente la configuraci\u00f3n de cookies y hacer que aparezcan cookies no detalladas en la presente pol\u00edtica. Es importante que sepas que son cookies provisionales que no siempre es posible informar y que s\u00f3lo tienen fines de estudio y valoraci\u00f3n. En ning\u00fan caso se utilizar\u00e1n cookies que comprometan tu privacidad.<\/p>\n\n<h2 class=\"wp-block-heading\">Ejemplos de cookies de terceros:<\/h2>\n\n<ul class=\"wp-block-list\">\n<li>Google Analytics: Ayuda a analizar el uso que hacen los usuarios del sitio web y mejorar su usabilidad. Consulta los tipos de cookies utilizadas por Google en su p\u00e1gina de pol\u00edtica de cookies.<\/li>\n\n\n\n<li>WordPress: Propiedad de Automattic, Inc. Utilizan cookies para identificar y rastrear a los visitantes, conocer el uso que hacen del sitio web y sus preferencias.<\/li>\n\n\n\n<li>Cookies de redes sociales: Twitter, Facebook, LinkedIn y YouTube. Consulta sus pol\u00edticas de cookies para conocer su uso y configuraci\u00f3n.<\/li>\n<\/ul>\n\n<p>Las implicaciones de privacidad depender\u00e1n de cada red social y la configuraci\u00f3n de privacidad que hayas elegido en estas redes. En ning\u00fan caso, el responsable de este sitio web ni los anunciantes pueden obtener informaci\u00f3n personal identificable de estas cookies.<\/p>\n","protected":false},"excerpt":{"rendered":"<p>Pol\u00edtica de cookies La LSSI-CE obliga a todos aquellos que tenemos un blog o web a advertir al usuario de la existencia de cookies, informar sobre ellas y requerir su permiso para descargarlas. Siguiendo lo establecido en el art\u00edculo 22.2 de la Ley 34\/2002: \u201cLos prestadores de servicios podr\u00e1n utilizar dispositivos de almacenamiento y recuperaci\u00f3n [&hellip;]<\/p>\n","protected":false},"author":1,"featured_media":0,"parent":0,"menu_order":0,"comment_status":"closed","ping_status":"closed","template":"","meta":{"_et_pb_use_builder":"","_et_pb_old_content":"","_et_gb_content_width":"","footnotes":""},"class_list":["post-1633","page","type-page","status-publish","hentry"],"_links":{"self":[{"href":"https:\/\/wellco.cat\/es\/wp-json\/wp\/v2\/pages\/1633","targetHints":{"allow":["GET"]}}],"collection":[{"href":"https:\/\/wellco.cat\/es\/wp-json\/wp\/v2\/pages"}],"about":[{"href":"https:\/\/wellco.cat\/es\/wp-json\/wp\/v2\/types\/page"}],"author":[{"embeddable":true,"href":"https:\/\/wellco.cat\/es\/wp-json\/wp\/v2\/users\/1"}],"replies":[{"embeddable":true,"href":"https:\/\/wellco.cat\/es\/wp-json\/wp\/v2\/comments?post=1633"}],"version-history":[{"count":3,"href":"https:\/\/wellco.cat\/es\/wp-json\/wp\/v2\/pages\/1633\/revisions"}],"predecessor-version":[{"id":1781,"href":"https:\/\/wellco.cat\/es\/wp-json\/wp\/v2\/pages\/1633\/revisions\/1781"}],"wp:attachment":[{"href":"https:\/\/wellco.cat\/es\/wp-json\/wp\/v2\/media?parent=1633"}],"curies":[{"name":"wp","href":"https:\/\/api.w.org\/{rel}","templated":true}]}}