{"id":1639,"date":"2025-04-01T09:16:01","date_gmt":"2025-04-01T07:16:01","guid":{"rendered":"https:\/\/wellco.cat\/quienes-somos\/"},"modified":"2025-09-23T14:38:27","modified_gmt":"2025-09-23T12:38:27","slug":"quienes-somos","status":"publish","type":"page","link":"https:\/\/wellco.cat\/es\/quienes-somos\/","title":{"rendered":"Qui\u00e9nes somos"},"content":{"rendered":"<p>[et_pb_section fb_built=&#8221;1&#8243; fullwidth=&#8221;on&#8221; _builder_version=&#8221;4.27.4&#8243; _module_preset=&#8221;default&#8221; global_colors_info=&#8221;{}&#8221;][et_pb_fullwidth_header title=&#8221;Qui\u00e9nes somos&#8221; button_one_text=&#8221;Nuestros valores&#8221; button_one_url=&#8221;#valors&#8221; button_two_text=&#8221;Nuestro equipo&#8221; button_two_url=&#8221;#equip&#8221; _builder_version=&#8221;4.27.4&#8243; _module_preset=&#8221;default&#8221; global_colors_info=&#8221;{}&#8221;]<\/p>\n<h2>Una historia de belleza consciente<\/h2>\n<p>WellCo nace de la pasi\u00f3n por la est\u00e9tica avanzada, el bienestar integral y la autenticidad. Situadas en el coraz\u00f3n de Sant Sadurn\u00ed d&#8217;Anoia, hemos creado un espacio donde la belleza va mucho m\u00e1s all\u00e1 de la apariencia, integrando cuidado personal y bienestar emocional con rigor y naturalidad.<\/p>\n<p>[\/et_pb_fullwidth_header][\/et_pb_section][et_pb_section fb_built=&#8221;1&#8243; module_id=&#8221;valors&#8221; _builder_version=&#8221;4.27.4&#8243; _module_preset=&#8221;default&#8221; global_colors_info=&#8221;{}&#8221;][et_pb_row _builder_version=&#8221;4.27.4&#8243; _module_preset=&#8221;default&#8221; custom_padding=&#8221;||0px||false|false&#8221; global_colors_info=&#8221;{}&#8221;][et_pb_column type=&#8221;4_4&#8243; _builder_version=&#8221;4.27.4&#8243; _module_preset=&#8221;default&#8221; global_colors_info=&#8221;{}&#8221;][et_pb_heading title=&#8221;Nuestros valores&#8221; _builder_version=&#8221;4.27.4&#8243; _module_preset=&#8221;default&#8221; title_level=&#8221;h2&#8243; global_colors_info=&#8221;{}&#8221;][\/et_pb_heading][\/et_pb_column][\/et_pb_row][et_pb_row column_structure=&#8221;1_2,1_2&#8243; _builder_version=&#8221;4.27.4&#8243; _module_preset=&#8221;default&#8221; global_colors_info=&#8221;{}&#8221;][et_pb_column type=&#8221;1_2&#8243; _builder_version=&#8221;4.27.4&#8243; _module_preset=&#8221;default&#8221; global_colors_info=&#8221;{}&#8221;][et_pb_blurb title=&#8221;Est\u00e9tica integrativa&#8221; image=&#8221;https:\/\/wellco.cat\/wp-content\/uploads\/2025\/05\/Naturalitat-i-autenticitat-1.png&#8221; alt=&#8221;Wellco isotipo&#8221; icon_placement=&#8221;left&#8221; image_icon_width=&#8221;50px&#8221; content_max_width=&#8221;100%&#8221; _builder_version=&#8221;4.27.4&#8243; _module_preset=&#8221;default&#8221; header_level=&#8221;h3&#8243; global_colors_info=&#8221;{}&#8221;]<\/p>\n<p>Entendemos la belleza y el bienestar como suma de factores. M\u00e1s all\u00e1 del aspecto externo, cuidamos a cada persona en su conjunto, integrando cuerpo, mente, emociones y estilo de vida<\/p>\n<p>[\/et_pb_blurb][et_pb_blurb title=&#8221;Escucha activa y acompa\u00f1amiento&#8221; image=&#8221;https:\/\/wellco.cat\/wp-content\/uploads\/2025\/05\/Respecte-i-sostenibilitat-1.png&#8221; alt=&#8221;Wellco isotipo&#8221; icon_placement=&#8221;left&#8221; image_icon_width=&#8221;50px&#8221; content_max_width=&#8221;100%&#8221; _builder_version=&#8221;4.27.4&#8243; _module_preset=&#8221;default&#8221; header_level=&#8221;h3&#8243; global_colors_info=&#8221;{}&#8221;]<\/p>\n<p>Creamos v\u00ednculos con las personas que nos visitan, escuchando atentamente cada historia para adaptarnos con empat\u00eda.<\/p>\n<p>[\/et_pb_blurb][et_pb_blurb title=&#8221;Tratamientos con rigor y profesionalidad&#8221; image=&#8221;https:\/\/wellco.cat\/wp-content\/uploads\/2025\/05\/Escolta-activa-1.png&#8221; alt=&#8221;Wellco isotipo&#8221; icon_placement=&#8221;left&#8221; image_icon_width=&#8221;50px&#8221; content_max_width=&#8221;100%&#8221; _builder_version=&#8221;4.27.4&#8243; _module_preset=&#8221;default&#8221; header_level=&#8221;h3&#8243; global_colors_info=&#8221;{}&#8221;]<\/p>\n<p>El rigor profesional gu\u00eda cada acci\u00f3n y cada tratamiento que ofrecemos. Utilizamos aparatolog\u00eda de \u00faltima generaci\u00f3n y cosm\u00e9tica con eficacia cl\u00ednicamente probada, seleccionando t\u00e9cnicas y productos espec\u00edficos para garantizar eficacia, seguridad y resultados visibles.<\/p>\n<p>[\/et_pb_blurb][et_pb_blurb title=&#8221;Naturalidad y autenticidad&#8221; image=&#8221;https:\/\/wellco.cat\/wp-content\/uploads\/2025\/05\/Estetica-integrativa-2.png&#8221; alt=&#8221;Wellco isotipo&#8221; icon_placement=&#8221;left&#8221; image_icon_width=&#8221;50px&#8221; content_max_width=&#8221;100%&#8221; _builder_version=&#8221;4.27.4&#8243; _module_preset=&#8221;default&#8221; header_level=&#8221;h3&#8243; global_colors_info=&#8221;{}&#8221;]<\/p>\n<p>Defendemos una belleza real y natural. Evitamos mensajes artificiales, promoviendo la autoestima y el bienestar integral.<\/p>\n<p>[\/et_pb_blurb][et_pb_blurb title=&#8221;Respeto y sostenibilidad&#8221; image=&#8221;https:\/\/wellco.cat\/wp-content\/uploads\/2025\/05\/Tractaments-amb-rigor-2.png&#8221; alt=&#8221;Wellco isotipo&#8221; icon_placement=&#8221;left&#8221; image_icon_width=&#8221;50px&#8221; content_max_width=&#8221;100%&#8221; _builder_version=&#8221;4.27.4&#8243; _module_preset=&#8221;default&#8221; header_level=&#8221;h3&#8243; global_colors_info=&#8221;{}&#8221;]<\/p>\n<p>Nos comprometemos a cuidar el planeta, escogiendo marcas responsables, sostenibles y respetuosas con el medio ambiente.<\/p>\n<p>[\/et_pb_blurb][\/et_pb_column][et_pb_column type=&#8221;1_2&#8243; _builder_version=&#8221;4.27.4&#8243; _module_preset=&#8221;default&#8221; global_colors_info=&#8221;{}&#8221;][et_pb_image src=&#8221;https:\/\/wellco.cat\/wp-content\/uploads\/2025\/05\/web-5.jpg&#8221; title_text=&#8221;web (5)&#8221; _builder_version=&#8221;4.27.4&#8243; _module_preset=&#8221;default&#8221; global_colors_info=&#8221;{}&#8221;][\/et_pb_image][\/et_pb_column][\/et_pb_row][\/et_pb_section][et_pb_section fb_built=&#8221;1&#8243; _builder_version=&#8221;4.27.4&#8243; _module_preset=&#8221;default&#8221; background_color=&#8221;#F1F1EF&#8221; background_size=&#8221;custom&#8221; background_image_height=&#8221;90%&#8221; background_position=&#8221;bottom_right&#8221; background_horizontal_offset=&#8221;-10%&#8221; background_vertical_offset=&#8221;-30%&#8221; custom_padding=&#8221;90px||90px||false|false&#8221; locked=&#8221;off&#8221; global_colors_info=&#8221;{}&#8221;][et_pb_row _builder_version=&#8221;4.27.4&#8243; _module_preset=&#8221;default&#8221; transform_translate_linked=&#8221;off&#8221; positioning=&#8221;absolute&#8221; position_origin_a=&#8221;bottom_right&#8221; width=&#8221;100%&#8221; max_width=&#8221;600px&#8221; overflow-x=&#8221;hidden&#8221; overflow-y=&#8221;hidden&#8221; custom_padding=&#8221;0px||0px||false|false&#8221; animation_style=&#8221;fade&#8221; locked=&#8221;off&#8221; global_colors_info=&#8221;{}&#8221;][et_pb_column type=&#8221;4_4&#8243; _builder_version=&#8221;4.27.4&#8243; _module_preset=&#8221;default&#8221; global_colors_info=&#8221;{}&#8221;][et_pb_image src=&#8221;https:\/\/wellco.cat\/wp-content\/uploads\/2025\/04\/W-d3ccc5.svg&#8221; title_text=&#8221;W &#8211; d3ccc5&#8243; src_tablet=&#8221;&#8221; src_phone=&#8221;&#8221; src_last_edited=&#8221;on|phone&#8221; disabled_on=&#8221;on|on|off&#8221; _builder_version=&#8221;4.27.4&#8243; _module_preset=&#8221;default&#8221; transform_translate=&#8221;100px|5px&#8221; transform_translate_linked=&#8221;off&#8221; global_colors_info=&#8221;{}&#8221;][\/et_pb_image][\/et_pb_column][\/et_pb_row][et_pb_row column_structure=&#8221;1_5,3_5,1_5&#8243; _builder_version=&#8221;4.27.4&#8243; _module_preset=&#8221;default&#8221; global_colors_info=&#8221;{}&#8221;][et_pb_column type=&#8221;1_5&#8243; _builder_version=&#8221;4.27.4&#8243; _module_preset=&#8221;default&#8221; global_colors_info=&#8221;{}&#8221;][\/et_pb_column][et_pb_column type=&#8221;3_5&#8243; _builder_version=&#8221;4.27.4&#8243; _module_preset=&#8221;default&#8221; global_colors_info=&#8221;{}&#8221;][et_pb_cta title=&#8221;Nuestro m\u00e9todo, nuestro sello&#8221; button_url=&#8221;https:\/\/wellco.cat\/es\/el-metodo-wellco\/&#8221; button_text=&#8221;Descubre m\u00e1s sobre el M\u00e9todo WellCo&#8221; _builder_version=&#8221;4.27.4&#8243; _module_preset=&#8221;default&#8221; text_orientation=&#8221;center&#8221; global_colors_info=&#8221;{}&#8221;]<\/p>\n<p>En WellCo trabajamos con un m\u00e9todo propio que nos define: el M\u00e9todo WellCo, creado gracias a la experiencia de tres generaciones de esteticistas. Un sistema riguroso, 100% personalizado, que combina diagn\u00f3stico facial avanzado, tratamientos faciales y corporales espec\u00edficos, cosm\u00e9tica profesional y tecnolog\u00eda de \u00faltima generaci\u00f3n para cuidar de tu piel con resultados visibles y reales.<\/p>\n<p>[\/et_pb_cta][\/et_pb_column][et_pb_column type=&#8221;1_5&#8243; _builder_version=&#8221;4.27.4&#8243; _module_preset=&#8221;default&#8221; global_colors_info=&#8221;{}&#8221;][\/et_pb_column][\/et_pb_row][\/et_pb_section][et_pb_section fb_built=&#8221;1&#8243; module_id=&#8221;equip&#8221; _builder_version=&#8221;4.27.4&#8243; _module_preset=&#8221;default&#8221; global_colors_info=&#8221;{}&#8221;][et_pb_row column_structure=&#8221;1_2,1_2&#8243; _builder_version=&#8221;4.27.4&#8243; _module_preset=&#8221;default&#8221; custom_padding=&#8221;||||false|false&#8221; global_colors_info=&#8221;{}&#8221;][et_pb_column type=&#8221;1_2&#8243; _builder_version=&#8221;4.27.4&#8243; _module_preset=&#8221;default&#8221; global_colors_info=&#8221;{}&#8221;][et_pb_text _builder_version=&#8221;4.27.4&#8243; _module_preset=&#8221;default&#8221; global_colors_info=&#8221;{}&#8221;]<\/p>\n<h2>El equipo que cuida de ti<\/h2>\n<p>Conoce a las profesionales detr\u00e1s de WellCo, dedicadas a acompa\u00f1arte y ayudarte a cuidar tu piel y tu bienestar emocional.<\/p>\n<p>[\/et_pb_text][\/et_pb_column][et_pb_column type=&#8221;1_2&#8243; _builder_version=&#8221;4.27.4&#8243; _module_preset=&#8221;default&#8221; global_colors_info=&#8221;{}&#8221;][\/et_pb_column][\/et_pb_row][et_pb_row column_structure=&#8221;1_4,1_4,1_4,1_4&#8243; _builder_version=&#8221;4.27.4&#8243; _module_preset=&#8221;default&#8221; global_colors_info=&#8221;{}&#8221;][et_pb_column type=&#8221;1_4&#8243; _builder_version=&#8221;4.27.4&#8243; _module_preset=&#8221;default&#8221; global_colors_info=&#8221;{}&#8221;][et_pb_team_member name=&#8221;EVA SANTOS&#8221; position=&#8221;Experta en diagn\u00f3stico y tratamiento de la piel&#8221; image_url=&#8221;https:\/\/wellco.cat\/wp-content\/uploads\/2025\/06\/eva.jpg&#8221; _builder_version=&#8221;4.27.4&#8243; _module_preset=&#8221;default&#8221; custom_padding=&#8221;||1px|||&#8221; global_colors_info=&#8221;{}&#8221;]<\/p>\n<p>Fundadora de Cosmonou y una de las almas de Wellco, con m\u00e1s de 30 a\u00f1os de experiencia en avanzada est\u00e9tica. Su mirada rigurosa y respetuosa inspira nuestra forma de entender y cuidar la piel.<\/p>\n<p>[\/et_pb_team_member][\/et_pb_column][et_pb_column type=&#8221;1_4&#8243; _builder_version=&#8221;4.27.4&#8243; _module_preset=&#8221;default&#8221; global_colors_info=&#8221;{}&#8221;][et_pb_team_member name=&#8221;MARIA NADAL&#8221; position=&#8221;Experta en dermocosm\u00e9tica&#8221; image_url=&#8221;https:\/\/wellco.cat\/wp-content\/uploads\/2025\/07\/Maria.jpg&#8221; _builder_version=&#8221;4.27.4&#8243; _module_preset=&#8221;default&#8221; global_colors_info=&#8221;{}&#8221; hover_enabled=&#8221;0&#8243; sticky_enabled=&#8221;0&#8243;]<\/p>\n<p><span style=\"font-weight: 400;\">Especialista en diagn\u00f3stico avanzado, tratamientos faciales personalizados y asesoramiento en dermocosm\u00e9tica profesional. Maria te ayuda a descubrir lo mejor por tu piel con rigor y sensibilidad.<\/span><\/p>\n<p>[\/et_pb_team_member][\/et_pb_column][et_pb_column type=&#8221;1_4&#8243; _builder_version=&#8221;4.27.4&#8243; _module_preset=&#8221;default&#8221; global_colors_info=&#8221;{}&#8221;][et_pb_team_member name=&#8221;IVANA GABARR\u00d3&#8221; position=&#8221;Especialista en est\u00e9tica avanzada&#8221; image_url=&#8221;https:\/\/wellco.cat\/wp-content\/uploads\/2025\/07\/ivana.jpg&#8221; _builder_version=&#8221;4.27.4&#8243; _module_preset=&#8221;default&#8221; global_colors_info=&#8221;{}&#8221;]<\/p>\n<p><span style=\"font-weight: 400;\">Con experiencia en t\u00e9cnicas manuales, rituales corporales y tratamientos espec\u00edficos para equilibrar cuerpo y mente, Ivana te cuida desde una perspectiva integradora y efectiva.<\/span><\/p>\n<p>[\/et_pb_team_member][\/et_pb_column][et_pb_column type=&#8221;1_4&#8243; _builder_version=&#8221;4.27.4&#8243; _module_preset=&#8221;default&#8221; global_colors_info=&#8221;{}&#8221;][et_pb_team_member name=&#8221;MARTA RICO&#8221; position=&#8221;Psic\u00f3loga y natur\u00f3pata&#8221; image_url=&#8221;https:\/\/wellco.cat\/wp-content\/uploads\/2025\/06\/IMG_0198.jpg&#8221; _builder_version=&#8221;4.27.4&#8243; _module_preset=&#8221;default&#8221; global_colors_info=&#8221;{}&#8221;]<\/p>\n<p>Con m\u00e1s de 20 a\u00f1os de experiencia en el \u00e1mbito del bienestar, acompa\u00f1a a las personas desde la est\u00e9tica y la psicolog\u00eda, utilizando la kinesiolog\u00eda para escuchar el cuerpo y orientar cada proceso de forma personalizada.<\/p>\n<p>[\/et_pb_team_member][\/et_pb_column][\/et_pb_row][\/et_pb_section][et_pb_section fb_built=&#8221;1&#8243; _builder_version=&#8221;4.27.4&#8243; _module_preset=&#8221;default&#8221; background_color=&#8221;#F1F1EF&#8221; background_size=&#8221;custom&#8221; background_image_height=&#8221;90%&#8221; background_position=&#8221;bottom_right&#8221; background_horizontal_offset=&#8221;-10%&#8221; background_vertical_offset=&#8221;-30%&#8221; custom_padding=&#8221;90px||90px||false|false&#8221; locked=&#8221;off&#8221; global_colors_info=&#8221;{}&#8221;][et_pb_row _builder_version=&#8221;4.27.4&#8243; _module_preset=&#8221;default&#8221; transform_translate_linked=&#8221;off&#8221; positioning=&#8221;absolute&#8221; position_origin_a=&#8221;bottom_right&#8221; width=&#8221;100%&#8221; max_width=&#8221;600px&#8221; overflow-x=&#8221;hidden&#8221; overflow-y=&#8221;hidden&#8221; custom_padding=&#8221;0px||0px||false|false&#8221; animation_style=&#8221;fade&#8221; locked=&#8221;off&#8221; global_colors_info=&#8221;{}&#8221;][et_pb_column type=&#8221;4_4&#8243; _builder_version=&#8221;4.27.4&#8243; _module_preset=&#8221;default&#8221; global_colors_info=&#8221;{}&#8221;][et_pb_image src=&#8221;https:\/\/wellco.cat\/wp-content\/uploads\/2025\/04\/W-d3ccc5.svg&#8221; title_text=&#8221;W &#8211; d3ccc5&#8243; disabled_on=&#8221;on|on|off&#8221; _builder_version=&#8221;4.27.4&#8243; _module_preset=&#8221;default&#8221; transform_translate=&#8221;100px|5px&#8221; transform_translate_linked=&#8221;off&#8221; global_colors_info=&#8221;{}&#8221;][\/et_pb_image][\/et_pb_column][\/et_pb_row][et_pb_row column_structure=&#8221;1_4,1_2,1_4&#8243; _builder_version=&#8221;4.27.4&#8243; _module_preset=&#8221;default&#8221; global_colors_info=&#8221;{}&#8221;][et_pb_column type=&#8221;1_4&#8243; _builder_version=&#8221;4.27.4&#8243; _module_preset=&#8221;default&#8221; global_colors_info=&#8221;{}&#8221;][\/et_pb_column][et_pb_column type=&#8221;1_2&#8243; _builder_version=&#8221;4.27.4&#8243; _module_preset=&#8221;default&#8221; global_colors_info=&#8221;{}&#8221;][et_pb_cta title=&#8221;Empieza a cuidarte hoy&#8221; button_url=&#8221;https:\/\/wellco.simplybook.it\/v2\/#book\/service\/3&#8243; button_text=&#8221;Reserva ahora&#8221; _builder_version=&#8221;4.27.4&#8243; _module_preset=&#8221;default&#8221; text_orientation=&#8221;center&#8221; global_colors_info=&#8221;{}&#8221;]<\/p>\n<p>Reserva tu diagn\u00f3stico facial gratuito ahora y descubre el tratamiento ideal para tu piel.<\/p>\n<p>[\/et_pb_cta][\/et_pb_column][et_pb_column type=&#8221;1_4&#8243; _builder_version=&#8221;4.27.4&#8243; _module_preset=&#8221;default&#8221; global_colors_info=&#8221;{}&#8221;][\/et_pb_column][\/et_pb_row][\/et_pb_section]<\/p>\n","protected":false},"excerpt":{"rendered":"<p>Una historia de belleza consciente WellCo nace de la pasi\u00f3n por la est\u00e9tica avanzada, el bienestar integral y la autenticidad. Situadas en el coraz\u00f3n de Sant Sadurn\u00ed d&#8217;Anoia, hemos creado un espacio donde la belleza va mucho m\u00e1s all\u00e1 de la apariencia, integrando cuidado personal y bienestar emocional con rigor y naturalidad.Entendemos la belleza y [&hellip;]<\/p>\n","protected":false},"author":1,"featured_media":0,"parent":0,"menu_order":0,"comment_status":"closed","ping_status":"closed","template":"","meta":{"_et_pb_use_builder":"on","_et_pb_old_content":"","_et_gb_content_width":"","footnotes":""},"class_list":["post-1639","page","type-page","status-publish","hentry"],"_links":{"self":[{"href":"https:\/\/wellco.cat\/es\/wp-json\/wp\/v2\/pages\/1639","targetHints":{"allow":["GET"]}}],"collection":[{"href":"https:\/\/wellco.cat\/es\/wp-json\/wp\/v2\/pages"}],"about":[{"href":"https:\/\/wellco.cat\/es\/wp-json\/wp\/v2\/types\/page"}],"author":[{"embeddable":true,"href":"https:\/\/wellco.cat\/es\/wp-json\/wp\/v2\/users\/1"}],"replies":[{"embeddable":true,"href":"https:\/\/wellco.cat\/es\/wp-json\/wp\/v2\/comments?post=1639"}],"version-history":[{"count":14,"href":"https:\/\/wellco.cat\/es\/wp-json\/wp\/v2\/pages\/1639\/revisions"}],"predecessor-version":[{"id":1886,"href":"https:\/\/wellco.cat\/es\/wp-json\/wp\/v2\/pages\/1639\/revisions\/1886"}],"wp:attachment":[{"href":"https:\/\/wellco.cat\/es\/wp-json\/wp\/v2\/media?parent=1639"}],"curies":[{"name":"wp","href":"https:\/\/api.w.org\/{rel}","templated":true}]}}