{"id":1644,"date":"2025-05-30T11:39:10","date_gmt":"2025-05-30T09:39:10","guid":{"rendered":"https:\/\/wellco.cat\/regala-wellco\/"},"modified":"2025-08-28T10:03:13","modified_gmt":"2025-08-28T08:03:13","slug":"regala-wellco","status":"publish","type":"page","link":"https:\/\/wellco.cat\/es\/regala-wellco\/","title":{"rendered":"Regala WellCo"},"content":{"rendered":"<p>[et_pb_section fb_built=&#8221;1&#8243; fullwidth=&#8221;on&#8221; _builder_version=&#8221;4.27.4&#8243; _module_preset=&#8221;default&#8221; global_colors_info=&#8221;{}&#8221;][et_pb_fullwidth_header title=&#8221;Regala wellco&#8221; content_max_width=&#8221;800px&#8221; _builder_version=&#8221;4.27.4&#8243; _module_preset=&#8221;default&#8221; global_colors_info=&#8221;{}&#8221;]<\/p>\n<h2>Experiencias de belleza y bienestar consciente<\/h2>\n<p>Hay regalos que dejan huella: experiencias que ayudan a reconectar, relajarse y sentirse mejor. Los vales regalo de WellCo son una oportunidad \u00fanica para cuidar a alguien especial desde una perspectiva hol\u00edstica, personalizada y llena de sentido.<\/p>\n<p>[\/et_pb_fullwidth_header][\/et_pb_section][et_pb_section fb_built=&#8221;1&#8243; _builder_version=&#8221;4.27.4&#8243; _module_preset=&#8221;default&#8221; global_colors_info=&#8221;{}&#8221;][et_pb_row _builder_version=&#8221;4.27.4&#8243; _module_preset=&#8221;default&#8221; global_colors_info=&#8221;{}&#8221;][et_pb_column type=&#8221;4_4&#8243; _builder_version=&#8221;4.27.4&#8243; _module_preset=&#8221;default&#8221; global_colors_info=&#8221;{}&#8221;][et_pb_heading title=&#8221;Experiencias Wellco para sorprender&#8221; _builder_version=&#8221;4.27.4&#8243; _module_preset=&#8221;default&#8221; title_level=&#8221;h2&#8243; global_colors_info=&#8221;{}&#8221;][\/et_pb_heading][\/et_pb_column][\/et_pb_row][et_pb_row _builder_version=&#8221;4.27.4&#8243; _module_preset=&#8221;default&#8221; custom_padding=&#8221;||0px|||&#8221; global_colors_info=&#8221;{}&#8221;][et_pb_column type=&#8221;4_4&#8243; _builder_version=&#8221;4.27.4&#8243; _module_preset=&#8221;default&#8221; global_colors_info=&#8221;{}&#8221;][et_pb_heading title=&#8221;Regala los imprescindibles&#8221; _builder_version=&#8221;4.27.4&#8243; _module_preset=&#8221;default&#8221; title_level=&#8221;h3&#8243; global_colors_info=&#8221;{}&#8221;][\/et_pb_heading][\/et_pb_column][\/et_pb_row][et_pb_row column_structure=&#8221;1_3,1_3,1_3&#8243; use_custom_gutter=&#8221;on&#8221; gutter_width=&#8221;2&#8243; _builder_version=&#8221;4.27.4&#8243; _module_preset=&#8221;default&#8221; custom_padding=&#8221;10px||||false|false&#8221; locked=&#8221;off&#8221; global_colors_info=&#8221;{}&#8221;][et_pb_column type=&#8221;1_3&#8243; _builder_version=&#8221;4.27.4&#8243; _module_preset=&#8221;default&#8221; global_colors_info=&#8221;{}&#8221;][et_pb_cta button_url=&#8221;https:\/\/wellco.cat\/es\/producto\/bewell-dermabalance-facial-60-min\/&#8221; button_text=&#8221;Regala&#8221; _builder_version=&#8221;4.27.4&#8243; _module_preset=&#8221;2942cdd3-5088-4512-8370-18bda2ee9bd9&#8243; background_image=&#8221;https:\/\/wellco.cat\/wp-content\/uploads\/2025\/05\/bewell-dermabanalce.jpg&#8221; global_colors_info=&#8221;{}&#8221;]<\/p>\n<p><strong>BeWell DermaBalance Facial<br \/><\/strong>60 min &#8211; 75\u20ac<\/p>\n<p>[\/et_pb_cta][et_pb_text _builder_version=&#8221;4.27.4&#8243; _module_preset=&#8221;default&#8221; text_font_size=&#8221;16px&#8221; text_orientation=&#8221;center&#8221; global_colors_info=&#8221;{}&#8221;]<\/p>\n<p>Fusiona a la cosm\u00e9tica alemana de Methode Brigitte Kettner con un masaje de digitopresi\u00f3n especializado, activando puntos energ\u00e9ticos clave del rostro para reequilibrar, revitalizar y fortalecer la piel desde la primera sesi\u00f3n.<\/p>\n<p>[\/et_pb_text][\/et_pb_column][et_pb_column type=&#8221;1_3&#8243; _builder_version=&#8221;4.27.4&#8243; _module_preset=&#8221;default&#8221; global_colors_info=&#8221;{}&#8221;][et_pb_cta button_url=&#8221;https:\/\/wellco.cat\/es\/producto\/golden-ginger-corporal-led-75-min\/&#8221; button_text=&#8221;Regala&#8221; _builder_version=&#8221;4.27.4&#8243; _module_preset=&#8221;2942cdd3-5088-4512-8370-18bda2ee9bd9&#8243; background_image=&#8221;https:\/\/wellco.cat\/wp-content\/uploads\/2025\/07\/golden-body.jpg&#8221; hover_enabled=&#8221;0&#8243; global_colors_info=&#8221;{}&#8221; alt=&#8221;Un dels tractaments corporals WellCo imprescindibles \u00e9s el Golden Ginger body + LED.&#8221; title_text=&#8221;Un dels tractaments corporals WellCo imprescindibles \u00e9s el Golden Ginger body + LED.&#8221; sticky_enabled=&#8221;0&#8243;]<\/p>\n<p><strong>Golden Ginger Corporal + LED<br \/><\/strong>75 min &#8211; 85\u20ac<\/p>\n<p>[\/et_pb_cta][et_pb_text _builder_version=&#8221;4.27.4&#8243; _module_preset=&#8221;default&#8221; text_font_size=&#8221;16px&#8221; text_orientation=&#8221;center&#8221; global_colors_info=&#8221;{}&#8221;]<\/p>\n<p>Combina oro de 23k, jengibre y seda para reafirmar y revitalizar la piel. Sus activos biotecnol\u00f3gicos trabajan en profundidad para esculpir y tonificar ofreciendo resultados visibles desde la primera sesi\u00f3n.<\/p>\n<p>[\/et_pb_text][\/et_pb_column][et_pb_column type=&#8221;1_3&#8243; _builder_version=&#8221;4.27.4&#8243; _module_preset=&#8221;default&#8221; global_colors_info=&#8221;{}&#8221;][et_pb_cta button_url=&#8221;https:\/\/wellco.cat\/es\/producto\/ritual-golden-facial-y-corporal-90-min\/&#8221; button_text=&#8221;Regala&#8221; _builder_version=&#8221;4.27.4&#8243; _module_preset=&#8221;2942cdd3-5088-4512-8370-18bda2ee9bd9&#8243; background_image=&#8221;https:\/\/wellco.cat\/wp-content\/uploads\/2025\/05\/golden-facial-corporal.jpg&#8221; global_colors_info=&#8221;{}&#8221;]<\/p>\n<p><strong>Ritual Golden facial i corporal<br \/><\/strong>90 min &#8211; 130\u20ac<\/p>\n<p>[\/et_pb_cta][et_pb_text _builder_version=&#8221;4.27.4&#8243; _module_preset=&#8221;default&#8221; text_font_size=&#8221;16px&#8221; text_orientation=&#8221;center&#8221; global_colors_info=&#8221;{}&#8221;]<\/p>\n<p>Lujoso tratamiento con Oro, Seda, Jengibre y activos especiales. Reafirma, mejora la elasticidad y deja la piel suave e hidratada.<\/p>\n<p>[\/et_pb_text][\/et_pb_column][\/et_pb_row][et_pb_row _builder_version=&#8221;4.27.4&#8243; _module_preset=&#8221;default&#8221; transform_translate_linked=&#8221;off&#8221; positioning=&#8221;absolute&#8221; position_origin_a=&#8221;bottom_left&#8221; z_index=&#8221;0&#8243; width=&#8221;100%&#8221; max_width=&#8221;600px&#8221; overflow-x=&#8221;hidden&#8221; overflow-y=&#8221;hidden&#8221; custom_padding=&#8221;0px||0px||false|false&#8221; animation_style=&#8221;fade&#8221; locked=&#8221;off&#8221; global_colors_info=&#8221;{}&#8221;][et_pb_column type=&#8221;4_4&#8243; _builder_version=&#8221;4.27.4&#8243; _module_preset=&#8221;default&#8221; global_colors_info=&#8221;{}&#8221;][et_pb_image src=&#8221;https:\/\/wellco.cat\/wp-content\/uploads\/2025\/04\/W-f1f1ef.svg&#8221; title_text=&#8221;W &#8211; f1f1ef&#8221; _builder_version=&#8221;4.27.4&#8243; _module_preset=&#8221;default&#8221; transform_translate=&#8221;-100px|5px&#8221; transform_translate_linked=&#8221;off&#8221; global_colors_info=&#8221;{}&#8221;][\/et_pb_image][\/et_pb_column][\/et_pb_row][\/et_pb_section][et_pb_section fb_built=&#8221;1&#8243; _builder_version=&#8221;4.27.4&#8243; _module_preset=&#8221;default&#8221; background_color=&#8221;#F1F1EF&#8221; global_colors_info=&#8221;{}&#8221;][et_pb_row column_structure=&#8221;1_3,2_3&#8243; _builder_version=&#8221;4.27.4&#8243; _module_preset=&#8221;default&#8221; global_colors_info=&#8221;{}&#8221;][et_pb_column type=&#8221;1_3&#8243; _builder_version=&#8221;4.27.4&#8243; _module_preset=&#8221;default&#8221; global_colors_info=&#8221;{}&#8221;][et_pb_image src=&#8221;https:\/\/wellco.cat\/wp-content\/uploads\/2025\/07\/gift-card-1.jpg&#8221; title_text=&#8221;Gift card&#8221; _builder_version=&#8221;4.27.4&#8243; _module_preset=&#8221;default&#8221; hover_enabled=&#8221;0&#8243; global_colors_info=&#8221;{}&#8221; alt=&#8221;Gift card&#8221; sticky_enabled=&#8221;0&#8243;][\/et_pb_image][\/et_pb_column][et_pb_column type=&#8221;2_3&#8243; _builder_version=&#8221;4.27.4&#8243; _module_preset=&#8221;default&#8221; global_colors_info=&#8221;{}&#8221;][et_pb_cta button_url=&#8221;https:\/\/wellco.cat\/es\/producto\/beauty-cards\/&#8221; button_text=&#8221;Regala&#8221; _builder_version=&#8221;4.27.4&#8243; _module_preset=&#8221;default&#8221; global_colors_info=&#8221;{}&#8221; title__hover_enabled=&#8221;off|desktop&#8221;]<\/p>\n<h2>Regala <strong>Beauty Cards<\/strong> con el importe que desees<\/h2>\n<h3>Llegan las Beauty Cards a Wellco.<\/h3>\n<p>El regalo ideal de bienestar con el importe que desees. Puede gastarse en tratamientos de belleza o en productos. Esta tarjeta tiene una validez de 1 a\u00f1o desde la fecha de compra.<\/p>\n<p>[\/et_pb_cta][\/et_pb_column][\/et_pb_row][\/et_pb_section][et_pb_section fb_built=&#8221;1&#8243; _builder_version=&#8221;4.27.4&#8243; _module_preset=&#8221;default&#8221; global_colors_info=&#8221;{}&#8221;][et_pb_row _builder_version=&#8221;4.27.4&#8243; _module_preset=&#8221;default&#8221; global_colors_info=&#8221;{}&#8221;][et_pb_column type=&#8221;4_4&#8243; _builder_version=&#8221;4.27.4&#8243; _module_preset=&#8221;default&#8221; global_colors_info=&#8221;{}&#8221;][et_pb_heading title=&#8221;\u00bfC\u00f3mo funciona el Val Regal Wellco?&#8221; _builder_version=&#8221;4.27.4&#8243; _module_preset=&#8221;default&#8221; title_level=&#8221;h2&#8243; global_colors_info=&#8221;{}&#8221;][\/et_pb_heading][dipi_timeline show_card_arrow=&#8221;off&#8221; layout=&#8221;right&#8221; line_area_size=&#8221;90px&#8221; timeline_line_width=&#8221;1px&#8221; timeline_active_line_width=&#8221;1px&#8221; timeline_active_line_color=&#8221;#D4BB84&#8243; _builder_version=&#8221;4.27.4&#8243; _module_preset=&#8221;default&#8221; custom_css_free_form=&#8221;selector .ribbon-icon.ribbon-icon-circle.active {||  background-color:#f2f3f3!important;||  border:#d4bb84 solid 1px!important;||  color:#21305d!important;||}||selector .ribbon-icon.ribbon-icon-circle {||  padding:10px!important;||  color:#21305d!important;||  width:40px;||  height:40px;||}||selector .ribbon-icon:before {||  font-family:&#8217;Crimson Text&#8217;,Georgia,%22Times New Roman%22,serif;||  font-size:20px;||  font-weight:600;||}||selector .ribbon-icon {||  font-size:0px;||  justify-content: center;||}&#8221; global_colors_info=&#8221;{}&#8221;][dipi_timeline_item title=&#8221;Elige tu vale regalo favorito.&#8221; _builder_version=&#8221;4.27.4&#8243; _module_preset=&#8221;default&#8221; header_level=&#8221;h3&#8243; header_font=&#8221;&#8211;et_global_body_font|700|||||||&#8221; custom_css_free_form=&#8221;selector .ribbon-icon:before {||  content:%221%22;||}&#8221; custom_css_timeline_item_title=&#8221;text-transform:none;&#8221; global_colors_info=&#8221;{}&#8221; timeline_icon_color__hover_enabled=&#8221;off|desktop&#8221;][\/dipi_timeline_item][dipi_timeline_item title=&#8221;Personal\u00edzalo con una dedicatoria especial.&#8221; _builder_version=&#8221;4.27.4&#8243; _module_preset=&#8221;default&#8221; header_level=&#8221;h3&#8243; header_font=&#8221;&#8211;et_global_body_font|700|||||||&#8221; custom_css_free_form=&#8221;selector .ribbon-icon:before {||  content:%222%22;||}&#8221; custom_css_timeline_item_title=&#8221;text-transform:none;&#8221; global_colors_info=&#8221;{}&#8221;][\/dipi_timeline_item][dipi_timeline_item title=&#8221;Recibe inmediatamente por correo electr\u00f3nico o recoja en nuestro centro.&#8221; _builder_version=&#8221;4.27.4&#8243; _module_preset=&#8221;default&#8221; header_level=&#8221;h3&#8243; header_font=&#8221;&#8211;et_global_body_font|700|||||||&#8221; custom_css_free_form=&#8221;selector .ribbon-icon:before {||  content:%223%22;||}&#8221; custom_css_timeline_item_title=&#8221;text-transform:none;&#8221; global_colors_info=&#8221;{}&#8221;][\/dipi_timeline_item][dipi_timeline_item title=&#8221;Entrega a la persona que quieras sorprender.&#8221; _builder_version=&#8221;4.27.4&#8243; _module_preset=&#8221;default&#8221; header_level=&#8221;h3&#8243; header_font=&#8221;&#8211;et_global_body_font|700|||||||&#8221; custom_css_free_form=&#8221;selector .ribbon-icon:before {||  content:%224%22;||}&#8221; custom_css_timeline_item_title=&#8221;text-transform:none;&#8221; global_colors_info=&#8221;{}&#8221;][\/dipi_timeline_item][\/dipi_timeline][\/et_pb_column][\/et_pb_row][et_pb_row _builder_version=&#8221;4.27.4&#8243; _module_preset=&#8221;default&#8221; transform_translate_linked=&#8221;off&#8221; positioning=&#8221;absolute&#8221; position_origin_a=&#8221;bottom_right&#8221; z_index=&#8221;0&#8243; width=&#8221;100%&#8221; max_width=&#8221;600px&#8221; overflow-x=&#8221;hidden&#8221; overflow-y=&#8221;hidden&#8221; custom_padding=&#8221;0px||0px||false|false&#8221; animation_style=&#8221;fade&#8221; locked=&#8221;off&#8221; global_colors_info=&#8221;{}&#8221;][et_pb_column type=&#8221;4_4&#8243; _builder_version=&#8221;4.27.4&#8243; _module_preset=&#8221;default&#8221; global_colors_info=&#8221;{}&#8221;][et_pb_image src=&#8221;https:\/\/wellco.cat\/wp-content\/uploads\/2025\/04\/W-f1f1ef.svg&#8221; title_text=&#8221;W &#8211; f1f1ef&#8221; _builder_version=&#8221;4.27.4&#8243; _module_preset=&#8221;default&#8221; transform_translate=&#8221;100px|5px&#8221; transform_translate_linked=&#8221;off&#8221; global_colors_info=&#8221;{}&#8221;][\/et_pb_image][\/et_pb_column][\/et_pb_row][\/et_pb_section][et_pb_section fb_built=&#8221;1&#8243; _builder_version=&#8221;4.27.4&#8243; _module_preset=&#8221;default&#8221; background_color=&#8221;#F1F1EF&#8221; global_colors_info=&#8221;{}&#8221;][et_pb_row _builder_version=&#8221;4.27.4&#8243; _module_preset=&#8221;default&#8221; global_colors_info=&#8221;{}&#8221;][et_pb_column type=&#8221;4_4&#8243; _builder_version=&#8221;4.27.4&#8243; _module_preset=&#8221;default&#8221; global_colors_info=&#8221;{}&#8221;][et_pb_cta title=&#8221;\u00bfTienes dudas o necesitas asesoramiento?&#8221; button_url=&#8221;https:\/\/wa.me\/message\/K6TDUEU4JPPWL1&#8243; button_text=&#8221;Habla con nosotras por WhatsApp&#8221; _builder_version=&#8221;4.27.4&#8243; _module_preset=&#8221;default&#8221; text_orientation=&#8221;center&#8221; width=&#8221;700px&#8221; max_width=&#8221;100%&#8221; module_alignment=&#8221;center&#8221; global_colors_info=&#8221;{}&#8221;]<\/p>\n<p>Si no tienes claro qu\u00e9 tratamiento regalar o tienes alguna consulta especial, estaremos encantadas de ayudarte personalmente por WhatsApp o tel\u00e9fono.<\/p>\n<p>[\/et_pb_cta][\/et_pb_column][\/et_pb_row][\/et_pb_section]<\/p>\n","protected":false},"excerpt":{"rendered":"<p>Experiencias de belleza y bienestar consciente Hay regalos que dejan huella: experiencias que ayudan a reconectar, relajarse y sentirse mejor. Los vales regalo de WellCo son una oportunidad \u00fanica para cuidar a alguien especial desde una perspectiva hol\u00edstica, personalizada y llena de sentido.BeWell DermaBalance Facial60 min &#8211; 75\u20acFusiona a la cosm\u00e9tica alemana de Methode Brigitte [&hellip;]<\/p>\n","protected":false},"author":1,"featured_media":0,"parent":0,"menu_order":0,"comment_status":"closed","ping_status":"closed","template":"","meta":{"_et_pb_use_builder":"on","_et_pb_old_content":"","_et_gb_content_width":"","footnotes":""},"class_list":["post-1644","page","type-page","status-publish","hentry"],"_links":{"self":[{"href":"https:\/\/wellco.cat\/es\/wp-json\/wp\/v2\/pages\/1644","targetHints":{"allow":["GET"]}}],"collection":[{"href":"https:\/\/wellco.cat\/es\/wp-json\/wp\/v2\/pages"}],"about":[{"href":"https:\/\/wellco.cat\/es\/wp-json\/wp\/v2\/types\/page"}],"author":[{"embeddable":true,"href":"https:\/\/wellco.cat\/es\/wp-json\/wp\/v2\/users\/1"}],"replies":[{"embeddable":true,"href":"https:\/\/wellco.cat\/es\/wp-json\/wp\/v2\/comments?post=1644"}],"version-history":[{"count":10,"href":"https:\/\/wellco.cat\/es\/wp-json\/wp\/v2\/pages\/1644\/revisions"}],"predecessor-version":[{"id":1770,"href":"https:\/\/wellco.cat\/es\/wp-json\/wp\/v2\/pages\/1644\/revisions\/1770"}],"wp:attachment":[{"href":"https:\/\/wellco.cat\/es\/wp-json\/wp\/v2\/media?parent=1644"}],"curies":[{"name":"wp","href":"https:\/\/api.w.org\/{rel}","templated":true}]}}