{"id":1653,"date":"2025-06-09T11:26:46","date_gmt":"2025-06-09T09:26:46","guid":{"rendered":"https:\/\/wellco.cat\/servicios\/consulta-neuropatia\/"},"modified":"2025-08-28T10:00:42","modified_gmt":"2025-08-28T08:00:42","slug":"consulta-neuropatia","status":"publish","type":"page","link":"https:\/\/wellco.cat\/es\/servicios\/consulta-neuropatia\/","title":{"rendered":"Consulta neuropat\u00eda"},"content":{"rendered":"<p>[et_pb_section fb_built=&#8221;1&#8243; fullwidth=&#8221;on&#8221; _builder_version=&#8221;4.27.4&#8243; _module_preset=&#8221;default&#8221; global_colors_info=&#8221;{}&#8221;][et_pb_fullwidth_header title=&#8221;Consulta nATUROPAT\u00cdA&#8221; _builder_version=&#8221;4.27.4&#8243; _module_preset=&#8221;default&#8221; global_colors_info=&#8221;{}&#8221;]<\/p>\n<h2>Una mirada profunda para entender lo que necesita tu cuerpo<\/h2>\n<p>Kinesiolog\u00eda, nutrici\u00f3n y equilibrio emocional para reconectar con tu bienestar.<\/p>\n<p>[\/et_pb_fullwidth_header][\/et_pb_section][et_pb_section fb_built=&#8221;1&#8243; module_id=&#8221;naturopatia&#8221; _builder_version=&#8221;4.27.4&#8243; _module_preset=&#8221;default&#8221; global_colors_info=&#8221;{}&#8221;][et_pb_row column_structure=&#8221;1_2,1_2&#8243; make_equal=&#8221;on&#8221; _builder_version=&#8221;4.27.4&#8243; _module_preset=&#8221;default&#8221; custom_css_main_element=&#8221;align-items:center;&#8221; global_colors_info=&#8221;{}&#8221;][et_pb_column type=&#8221;1_2&#8243; _builder_version=&#8221;4.27.4&#8243; _module_preset=&#8221;default&#8221; global_colors_info=&#8221;{}&#8221;][et_pb_cta button_url=&#8221;https:\/\/wa.me\/message\/K6TDUEU4JPPWL1&#8243; url_new_window=&#8221;on&#8221; button_text=&#8221;PIDE INFORMACI\u00d3N&#8221; _builder_version=&#8221;4.27.4&#8243; _module_preset=&#8221;default&#8221; global_colors_info=&#8221;{}&#8221;]<\/p>\n<p>En WellCo creemos en el bienestar integral, por eso buscamos encontrar el equilibrio entre la parte f\u00edsica y an\u00edmica de las personas, concebimos a la persona como un todo, y por eso, un problema est\u00e9tico no puede tratarse \u00fanicamente como una alteraci\u00f3n localizada. Este enfoque hol\u00edstico permite abordar la ra\u00edz del problema, integrando cuerpo, mente y bienestar.<\/p>\n<ul>\n<li>Trastornos digestivos<\/li>\n<li>Alergias e intolerancias<\/li>\n<li>Prevenci\u00f3n de infecciones<\/li>\n<li>Tratamiento de la ansiedad y el estr\u00e9s<\/li>\n<\/ul>\n<p><strong>Consulta con Marta Rico, kinesi\u00f3loga, natur\u00f3pata y psic\u00f3loga.<\/strong><br \/>Su experiencia de m\u00e1s de 20 a\u00f1os en sus terapias le ha permitido integrar naturopat\u00eda, nutrici\u00f3n y psicolog\u00eda utilizando la cinesiolog\u00eda como t\u00e9cnica de comunicaci\u00f3n con el cuerpo.<\/p>\n<p>En la consulta, Marta realiza un test muscular de cada \u00f3rgano para saber c\u00f3mo est\u00e1 energ\u00e9ticamente, para despu\u00e9s poder valorar los diferentes aspectos bioqu\u00edmicos y psicoemocionales. Con todo esto puede explicar a la persona, qu\u00e9 necesita para mejorar y recuperar la vitalidad y el equilibrio.<\/p>\n<p>[\/et_pb_cta][\/et_pb_column][et_pb_column type=&#8221;1_2&#8243; _builder_version=&#8221;4.27.4&#8243; _module_preset=&#8221;default&#8221; global_colors_info=&#8221;{}&#8221;][et_pb_image src=&#8221;https:\/\/wellco.cat\/wp-content\/uploads\/2025\/06\/Test-Kine-scaled-1.jpg&#8221; alt=&#8221;Naturopat\u00eda&#8221; title_text=&#8221;Marta Rico naturopat\u00eda&#8221; _builder_version=&#8221;4.27.4&#8243; _module_preset=&#8221;default&#8221; global_colors_info=&#8221;{}&#8221;][\/et_pb_image][\/et_pb_column][\/et_pb_row][et_pb_row _builder_version=&#8221;4.27.4&#8243; _module_preset=&#8221;default&#8221; transform_translate_linked=&#8221;off&#8221; positioning=&#8221;absolute&#8221; position_origin_a=&#8221;bottom_left&#8221; z_index=&#8221;0&#8243; width=&#8221;100%&#8221; max_width=&#8221;600px&#8221; overflow-x=&#8221;hidden&#8221; overflow-y=&#8221;hidden&#8221; custom_padding=&#8221;0px||0px||false|false&#8221; animation_style=&#8221;fade&#8221; locked=&#8221;off&#8221; global_colors_info=&#8221;{}&#8221;][et_pb_column type=&#8221;4_4&#8243; _builder_version=&#8221;4.27.4&#8243; _module_preset=&#8221;default&#8221; global_colors_info=&#8221;{}&#8221;][et_pb_image src=&#8221;https:\/\/wellco.cat\/wp-content\/uploads\/2025\/04\/W-f1f1ef.svg&#8221; title_text=&#8221;W &#8211; f1f1ef&#8221; _builder_version=&#8221;4.27.4&#8243; _module_preset=&#8221;default&#8221; transform_translate=&#8221;-100px|5px&#8221; transform_translate_linked=&#8221;off&#8221; global_colors_info=&#8221;{}&#8221;][\/et_pb_image][\/et_pb_column][\/et_pb_row][\/et_pb_section]<\/p>\n","protected":false},"excerpt":{"rendered":"<p>Una mirada profunda para entender lo que necesita tu cuerpo Kinesiolog\u00eda, nutrici\u00f3n y equilibrio emocional para reconectar con tu bienestar.En WellCo creemos en el bienestar integral, por eso buscamos encontrar el equilibrio entre la parte f\u00edsica y an\u00edmica de las personas, concebimos a la persona como un todo, y por eso, un problema est\u00e9tico no [&hellip;]<\/p>\n","protected":false},"author":1,"featured_media":0,"parent":1650,"menu_order":0,"comment_status":"closed","ping_status":"closed","template":"","meta":{"_et_pb_use_builder":"on","_et_pb_old_content":"","_et_gb_content_width":"","footnotes":""},"class_list":["post-1653","page","type-page","status-publish","hentry"],"_links":{"self":[{"href":"https:\/\/wellco.cat\/es\/wp-json\/wp\/v2\/pages\/1653","targetHints":{"allow":["GET"]}}],"collection":[{"href":"https:\/\/wellco.cat\/es\/wp-json\/wp\/v2\/pages"}],"about":[{"href":"https:\/\/wellco.cat\/es\/wp-json\/wp\/v2\/types\/page"}],"author":[{"embeddable":true,"href":"https:\/\/wellco.cat\/es\/wp-json\/wp\/v2\/users\/1"}],"replies":[{"embeddable":true,"href":"https:\/\/wellco.cat\/es\/wp-json\/wp\/v2\/comments?post=1653"}],"version-history":[{"count":8,"href":"https:\/\/wellco.cat\/es\/wp-json\/wp\/v2\/pages\/1653\/revisions"}],"predecessor-version":[{"id":1762,"href":"https:\/\/wellco.cat\/es\/wp-json\/wp\/v2\/pages\/1653\/revisions\/1762"}],"up":[{"embeddable":true,"href":"https:\/\/wellco.cat\/es\/wp-json\/wp\/v2\/pages\/1650"}],"wp:attachment":[{"href":"https:\/\/wellco.cat\/es\/wp-json\/wp\/v2\/media?parent=1653"}],"curies":[{"name":"wp","href":"https:\/\/api.w.org\/{rel}","templated":true}]}}