{"id":1656,"date":"2025-06-09T10:41:24","date_gmt":"2025-06-09T08:41:24","guid":{"rendered":"https:\/\/wellco.cat\/servicios\/diagnostico-cutaneo\/"},"modified":"2025-08-28T09:58:57","modified_gmt":"2025-08-28T07:58:57","slug":"diagnostico-cutaneo","status":"publish","type":"page","link":"https:\/\/wellco.cat\/es\/servicios\/diagnostico-cutaneo\/","title":{"rendered":"Diagn\u00f3stico cut\u00e1neo"},"content":{"rendered":"<p>[et_pb_section fb_built=&#8221;1&#8243; fullwidth=&#8221;on&#8221; _builder_version=&#8221;4.27.4&#8243; _module_preset=&#8221;default&#8221; global_colors_info=&#8221;{}&#8221;][et_pb_fullwidth_header title=&#8221;Diagn\u00f3stico cut\u00e1neo&#8221; _builder_version=&#8221;4.27.4&#8243; _module_preset=&#8221;default&#8221; global_colors_info=&#8221;{}&#8221;]<\/p>\n<h2>Tecnolog\u00eda de \u00faltima generaci\u00f3n para entender tu piel con precisi\u00f3n<\/h2>\n<p data-start=\"470\" data-end=\"644\">\n<p data-start=\"470\" data-end=\"644\">En WellCo combinamos aparatolog\u00eda avanzada y experiencia profesional para analizar el estado real de la piel y crear un plan de tratamiento 100% personalizado.<\/p>\n<p>[\/et_pb_fullwidth_header][\/et_pb_section][et_pb_section fb_built=&#8221;1&#8243; module_id=&#8221;diagnostic&#8221; _builder_version=&#8221;4.27.4&#8243; _module_preset=&#8221;default&#8221; global_colors_info=&#8221;{}&#8221;][et_pb_row column_structure=&#8221;2_3,1_3&#8243; make_equal=&#8221;on&#8221; _builder_version=&#8221;4.27.4&#8243; _module_preset=&#8221;default&#8221; custom_css_main_element=&#8221;align-items:center;&#8221; global_colors_info=&#8221;{}&#8221;][et_pb_column type=&#8221;2_3&#8243; _builder_version=&#8221;4.27.4&#8243; _module_preset=&#8221;default&#8221; global_colors_info=&#8221;{}&#8221;][et_pb_cta button_url=&#8221;https:\/\/wellco.simplybook.it\/v2\/#book\/service\/3&#8243; url_new_window=&#8221;on&#8221; button_text=&#8221;Reserva online&#8221; _builder_version=&#8221;4.27.4&#8243; _module_preset=&#8221;default&#8221; hover_enabled=&#8221;0&#8243; global_colors_info=&#8221;{}&#8221; sticky_enabled=&#8221;0&#8243;]<\/p>\n<p>En WellCo realizamos los diagn\u00f3sticos cut\u00e1neos con <strong>tecnolog\u00eda avanzada<\/strong>, combinando aparatolog\u00eda de \u00faltima generaci\u00f3n con la experiencia de tres generaciones de esteticistas especializadas en la piel. El diagn\u00f3stico puede ser <strong>facial o corporal<\/strong>, seg\u00fan sus necesidades, y sirve para entender el estado real de la piel y determinar los tratamientos y productos m\u00e1s adecuados <strong>para alcanzar los objetivos de cada persona<\/strong>.<\/p>\n<p>Nuestro sistema de <strong>an\u00e1lisis digital <\/strong>nos permite obtener datos precisos sobre poros, arrugas, pigmentaci\u00f3n, hidrataci\u00f3n, elasticidad y producci\u00f3n de grasa gracias a su c\u00e1mara de alta resoluci\u00f3n, luces LED (normal, UV y polarizada) y sensores de humedad y elasticidad.<\/p>\n<p>Este diagn\u00f3stico nos da una <strong>imagen 3D detallada de la piel<\/strong> y permite realizar una evaluaci\u00f3n cient\u00edfica y personalizada, con comparaciones antes\/despu\u00e9s.<\/p>\n<p>A partir de este an\u00e1lisis, creamos un <strong>plan completo de acci\u00f3n<\/strong>, con tratamientos profesionales en cabina y pautas para cuidar la piel en casa, adaptado a tus objetivos y estilo de vida.<\/p>\n<p>[\/et_pb_cta][\/et_pb_column][et_pb_column type=&#8221;1_3&#8243; _builder_version=&#8221;4.27.4&#8243; _module_preset=&#8221;default&#8221; global_colors_info=&#8221;{}&#8221;][et_pb_image src=&#8221;https:\/\/wellco.cat\/wp-content\/uploads\/2025\/05\/web-1.jpg&#8221; title_text=&#8221;web (1)&#8221; _builder_version=&#8221;4.27.4&#8243; _module_preset=&#8221;default&#8221; global_colors_info=&#8221;{}&#8221;][\/et_pb_image][\/et_pb_column][\/et_pb_row][et_pb_row _builder_version=&#8221;4.27.4&#8243; _module_preset=&#8221;default&#8221; transform_translate_linked=&#8221;off&#8221; positioning=&#8221;absolute&#8221; position_origin_a=&#8221;bottom_left&#8221; z_index=&#8221;0&#8243; width=&#8221;100%&#8221; max_width=&#8221;600px&#8221; overflow-x=&#8221;hidden&#8221; overflow-y=&#8221;hidden&#8221; custom_padding=&#8221;0px||0px||false|false&#8221; animation_style=&#8221;fade&#8221; locked=&#8221;off&#8221; global_colors_info=&#8221;{}&#8221;][et_pb_column type=&#8221;4_4&#8243; _builder_version=&#8221;4.27.4&#8243; _module_preset=&#8221;default&#8221; global_colors_info=&#8221;{}&#8221;][et_pb_image src=&#8221;https:\/\/wellco.cat\/wp-content\/uploads\/2025\/04\/W-f1f1ef.svg&#8221; title_text=&#8221;W &#8211; f1f1ef&#8221; _builder_version=&#8221;4.27.4&#8243; _module_preset=&#8221;default&#8221; transform_translate=&#8221;-100px|5px&#8221; transform_translate_linked=&#8221;off&#8221; global_colors_info=&#8221;{}&#8221;][\/et_pb_image][\/et_pb_column][\/et_pb_row][\/et_pb_section]<\/p>\n","protected":false},"excerpt":{"rendered":"<p>Tecnolog\u00eda de \u00faltima generaci\u00f3n para entender tu piel con precisi\u00f3n En WellCo combinamos aparatolog\u00eda avanzada y experiencia profesional para analizar el estado real de la piel y crear un plan de tratamiento 100% personalizado.En WellCo realizamos los diagn\u00f3sticos cut\u00e1neos con tecnolog\u00eda avanzada, combinando aparatolog\u00eda de \u00faltima generaci\u00f3n con la experiencia de tres generaciones de esteticistas [&hellip;]<\/p>\n","protected":false},"author":1,"featured_media":0,"parent":1650,"menu_order":0,"comment_status":"closed","ping_status":"closed","template":"","meta":{"_et_pb_use_builder":"on","_et_pb_old_content":"","_et_gb_content_width":"","footnotes":""},"class_list":["post-1656","page","type-page","status-publish","hentry"],"_links":{"self":[{"href":"https:\/\/wellco.cat\/es\/wp-json\/wp\/v2\/pages\/1656","targetHints":{"allow":["GET"]}}],"collection":[{"href":"https:\/\/wellco.cat\/es\/wp-json\/wp\/v2\/pages"}],"about":[{"href":"https:\/\/wellco.cat\/es\/wp-json\/wp\/v2\/types\/page"}],"author":[{"embeddable":true,"href":"https:\/\/wellco.cat\/es\/wp-json\/wp\/v2\/users\/1"}],"replies":[{"embeddable":true,"href":"https:\/\/wellco.cat\/es\/wp-json\/wp\/v2\/comments?post=1656"}],"version-history":[{"count":8,"href":"https:\/\/wellco.cat\/es\/wp-json\/wp\/v2\/pages\/1656\/revisions"}],"predecessor-version":[{"id":1759,"href":"https:\/\/wellco.cat\/es\/wp-json\/wp\/v2\/pages\/1656\/revisions\/1759"}],"up":[{"embeddable":true,"href":"https:\/\/wellco.cat\/es\/wp-json\/wp\/v2\/pages\/1650"}],"wp:attachment":[{"href":"https:\/\/wellco.cat\/es\/wp-json\/wp\/v2\/media?parent=1656"}],"curies":[{"name":"wp","href":"https:\/\/api.w.org\/{rel}","templated":true}]}}