{"id":1659,"date":"2025-06-09T11:23:18","date_gmt":"2025-06-09T09:23:18","guid":{"rendered":"https:\/\/wellco.cat\/servicios\/especiales\/"},"modified":"2025-09-03T13:35:55","modified_gmt":"2025-09-03T11:35:55","slug":"especiales","status":"publish","type":"page","link":"https:\/\/wellco.cat\/es\/servicios\/especiales\/","title":{"rendered":"Especiales"},"content":{"rendered":"<p>[et_pb_section fb_built=&#8221;1&#8243; fullwidth=&#8221;on&#8221; _builder_version=&#8221;4.27.4&#8243; _module_preset=&#8221;default&#8221; global_colors_info=&#8221;{}&#8221;][et_pb_fullwidth_header title=&#8221;Servicios especiales Wellco&#8221; _builder_version=&#8221;4.27.4&#8243; _module_preset=&#8221;default&#8221; global_colors_info=&#8221;{}&#8221;]<\/p>\n<h2>Cuidados personalizados por momentos y necesidades \u00fanicas<\/h2>\n<p>En WellCo ofrecemos servicios espec\u00edficos para situaciones vitales que requieren una atenci\u00f3n especial: tratamientos adaptados para embarazo, bodas, piel oncol\u00f3gica o cuidado masculino. Siempre con sensibilidad, rigor y escucha activa.<\/p>\n<p>[\/et_pb_fullwidth_header][\/et_pb_section][et_pb_section fb_built=&#8221;1&#8243; module_id=&#8221;masculina&#8221; _builder_version=&#8221;4.27.4&#8243; _module_preset=&#8221;default&#8221; global_colors_info=&#8221;{}&#8221;][et_pb_row column_structure=&#8221;3_4,1_4&#8243; _builder_version=&#8221;4.27.4&#8243; _module_preset=&#8221;default&#8221; custom_padding=&#8221;||0px|||&#8221; global_colors_info=&#8221;{}&#8221;][et_pb_column type=&#8221;3_4&#8243; _builder_version=&#8221;4.27.4&#8243; _module_preset=&#8221;default&#8221; global_colors_info=&#8221;{}&#8221;][et_pb_cta title=&#8221;Est\u00e9tica masculina&#8221; _builder_version=&#8221;4.27.4&#8243; _module_preset=&#8221;default&#8221; global_colors_info=&#8221;{}&#8221;]<\/p>\n<p>Tratamientos pensados para las necesidades espec\u00edficas de la piel y cuerpo masculino. Sesiones faciales y corporales que combinan eficiencia, t\u00e9cnica y resultados visibles, con una experiencia de bienestar que respeta el ritmo y prioridades de cada persona.<\/p>\n<p>[\/et_pb_cta][\/et_pb_column][et_pb_column type=&#8221;1_4&#8243; _builder_version=&#8221;4.27.4&#8243; _module_preset=&#8221;default&#8221; global_colors_info=&#8221;{}&#8221;][\/et_pb_column][\/et_pb_row][et_pb_row column_structure=&#8221;1_3,1_3,1_3&#8243; use_custom_gutter=&#8221;on&#8221; gutter_width=&#8221;2&#8243; _builder_version=&#8221;4.27.4&#8243; _module_preset=&#8221;default&#8221; custom_padding=&#8221;10px||||false|false&#8221; global_colors_info=&#8221;{}&#8221;][et_pb_column type=&#8221;1_3&#8243; _builder_version=&#8221;4.27.4&#8243; _module_preset=&#8221;default&#8221; global_colors_info=&#8221;{}&#8221;][et_pb_cta button_url=&#8221;https:\/\/wellco.simplybook.it\/v2\/#book\/service\/26&#8243; url_new_window=&#8221;on&#8221; button_text=&#8221;Reserva&#8221; _builder_version=&#8221;4.27.4&#8243; _module_preset=&#8221;2942cdd3-5088-4512-8370-18bda2ee9bd9&#8243; background_image=&#8221;https:\/\/wellco.cat\/wp-content\/uploads\/2025\/07\/For-men.jpg&#8221; global_colors_info=&#8221;{}&#8221;]<\/p>\n<p><strong>For Men Face (piel masculina)<br \/><\/strong>60 min &#8211; 70\u20ac<\/p>\n<p>[\/et_pb_cta][et_pb_text _builder_version=&#8221;4.27.4&#8243; _module_preset=&#8221;default&#8221; global_colors_info=&#8221;{}&#8221;]Limpieza facial masculina que elimina impurezas e hidrata en profundidad, adapt\u00e1ndose a las necesidades de la piel. Incluye tratamiento especial para el contorno de ojos que trata l\u00edneas de expresi\u00f3n, bolsas y gafas, aportando una mirada revitalizada.[\/et_pb_text][\/et_pb_column][et_pb_column type=&#8221;1_3&#8243; _builder_version=&#8221;4.27.4&#8243; _module_preset=&#8221;default&#8221; global_colors_info=&#8221;{}&#8221;][et_pb_cta button_url=&#8221;https:\/\/wellco.simplybook.it\/v2\/#book\/category\/7\/service\/37\/count\/1\/&#8221; url_new_window=&#8221;on&#8221; button_text=&#8221;Reserva&#8221; _builder_version=&#8221;4.27.4&#8243; _module_preset=&#8221;2942cdd3-5088-4512-8370-18bda2ee9bd9&#8243; background_image=&#8221;https:\/\/wellco.cat\/wp-content\/uploads\/2025\/07\/vossman-face-home.jpg&#8221; global_colors_info=&#8221;{}&#8221;]<\/p>\n<p><strong>Vossman\u00ae Facial Lift<br \/><\/strong>60 min &#8211; 85\u20ac<\/p>\n<p>[\/et_pb_cta][et_pb_text _builder_version=&#8221;4.27.4&#8243; _module_preset=&#8221;default&#8221; global_colors_info=&#8221;{}&#8221;]Protocolo premium que combina diatermia de alta potencia Vossman con cosm\u00e9tica avanzada para redefinir, iluminar y reafirmar el \u00f3valo facial.[\/et_pb_text][\/et_pb_column][et_pb_column type=&#8221;1_3&#8243; _builder_version=&#8221;4.27.4&#8243; _module_preset=&#8221;default&#8221; global_colors_info=&#8221;{}&#8221;][et_pb_cta button_url=&#8221;https:\/\/wellco.simplybook.it\/v2\/#book\/category\/7\/service\/40\/count\/1\/&#8221; url_new_window=&#8221;on&#8221; button_text=&#8221;Reserva&#8221; _builder_version=&#8221;4.27.4&#8243; _module_preset=&#8221;2942cdd3-5088-4512-8370-18bda2ee9bd9&#8243; background_image=&#8221;https:\/\/wellco.cat\/wp-content\/uploads\/2025\/05\/9-e1748607239452.png&#8221; global_colors_info=&#8221;{}&#8221;]<\/p>\n<p><strong>Vossman\u00ae Sculpt Advance<br \/><\/strong>70 min &#8211; 85\u20ac<\/p>\n<p>[\/et_pb_cta][et_pb_text _builder_version=&#8221;4.27.4&#8243; _module_preset=&#8221;default&#8221; global_colors_info=&#8221;{}&#8221;]<\/p>\n<p>Tratamiento corporal con diatermia <em>Vossman\u00ae<\/em> para estimular la s\u00edntesis de col\u00e1geno, reducir la flacidez y mejorar la definici\u00f3n corporal. Act\u00faa en profundidad sobre el tejido con efectos reafirmantes visibles desde la primera sesi\u00f3n.<\/p>\n<p>[\/et_pb_text][\/et_pb_column][\/et_pb_row][et_pb_row _builder_version=&#8221;4.27.4&#8243; _module_preset=&#8221;default&#8221; transform_translate_linked=&#8221;off&#8221; positioning=&#8221;absolute&#8221; position_origin_a=&#8221;bottom_left&#8221; z_index=&#8221;0&#8243; width=&#8221;100%&#8221; max_width=&#8221;600px&#8221; overflow-x=&#8221;hidden&#8221; overflow-y=&#8221;hidden&#8221; custom_padding=&#8221;0px||0px||false|false&#8221; animation_style=&#8221;fade&#8221; locked=&#8221;off&#8221; global_colors_info=&#8221;{}&#8221;][et_pb_column type=&#8221;4_4&#8243; _builder_version=&#8221;4.27.4&#8243; _module_preset=&#8221;default&#8221; global_colors_info=&#8221;{}&#8221;][et_pb_image src=&#8221;https:\/\/wellco.cat\/wp-content\/uploads\/2025\/04\/W-f1f1ef.svg&#8221; title_text=&#8221;W &#8211; f1f1ef&#8221; _builder_version=&#8221;4.27.4&#8243; _module_preset=&#8221;default&#8221; transform_translate=&#8221;-100px|5px&#8221; transform_translate_linked=&#8221;off&#8221; global_colors_info=&#8221;{}&#8221;][\/et_pb_image][\/et_pb_column][\/et_pb_row][\/et_pb_section][et_pb_section fb_built=&#8221;1&#8243; module_id=&#8221;oncologica&#8221; _builder_version=&#8221;4.27.4&#8243; _module_preset=&#8221;default&#8221; background_color=&#8221;#F1F1EF&#8221; locked=&#8221;off&#8221; global_colors_info=&#8221;{}&#8221;][et_pb_row column_structure=&#8221;2_3,1_3&#8243; _builder_version=&#8221;4.27.4&#8243; _module_preset=&#8221;default&#8221; global_colors_info=&#8221;{}&#8221;][et_pb_column type=&#8221;2_3&#8243; _builder_version=&#8221;4.27.4&#8243; _module_preset=&#8221;default&#8221; global_colors_info=&#8221;{}&#8221;][et_pb_cta title=&#8221;Est\u00e9tica oncol\u00f3gica&#8221; button_url=&#8221;https:\/\/wa.me\/message\/K6TDUEU4JPPWL1&#8243; url_new_window=&#8221;on&#8221; button_text=&#8221;PIDE INFORMACI\u00d3N&#8221; _builder_version=&#8221;4.27.4&#8243; _module_preset=&#8221;default&#8221; global_colors_info=&#8221;{}&#8221;]<\/p>\n<p>Cuidarte durante el proceso oncol\u00f3gico es tambi\u00e9n bienestar.<\/p>\n<p>En WellCo, te acompa\u00f1amos con protocolos espec\u00edficos para pieles sensibles, debilitadas o reactivas, adaptados a cada etapa del tratamiento oncol\u00f3gico. Sabemos que la piel cambia, que las emociones pesan, y que a veces lo importante es sentirse cuidada con respeto.<\/p>\n<p>Somos un centro certificado por Oncology Institute of Aesthetic <em>\u00ae,<\/em> la primera organizaci\u00f3n global dedicada a formar profesionales de la est\u00e9tica para atender con seguridad y conocimiento a personas que est\u00e1n viviendo o han superado un c\u00e1ncer.<br \/>Esta certificaci\u00f3n nos avala para ofrecer tratamientos que:<\/p>\n<ul>\n<li>Responden a las necesidades espec\u00edficas de la piel durante la quimioterapia, radioterapia u hormonoterapia.<\/li>\n<li>Minimizan efectos secundarios cut\u00e1neos como la sequedad, la sensibilidad, la inflamaci\u00f3n o la descamaci\u00f3n.<\/li>\n<li>Proporcionan un espacio de calma, respeto y bienestar emocional.<\/li>\n<\/ul>\n<p>Cada cuerpo es \u00fanico y cada proceso tambi\u00e9n. Te invitamos a venir a WellCo por una primera visita sin compromiso, donde valoraremos juntos c\u00f3mo cuidarte mejor en ese momento.<\/p>\n<p>[\/et_pb_cta][\/et_pb_column][et_pb_column type=&#8221;1_3&#8243; _builder_version=&#8221;4.27.4&#8243; _module_preset=&#8221;default&#8221; global_colors_info=&#8221;{}&#8221;][et_pb_image src=&#8221;https:\/\/wellco.cat\/wp-content\/uploads\/2025\/06\/logo-oncology.png&#8221; alt=&#8221;Logotipo de Oncology Institute of Aesthetic&#8221; title_text=&#8221;logo-oncology&#8221; _builder_version=&#8221;4.27.4&#8243; _module_preset=&#8221;default&#8221; global_colors_info=&#8221;{}&#8221;][\/et_pb_image][\/et_pb_column][\/et_pb_row][\/et_pb_section][et_pb_section fb_built=&#8221;1&#8243; module_id=&#8221;casaments&#8221; _builder_version=&#8221;4.27.4&#8243; _module_preset=&#8221;default&#8221; global_colors_info=&#8221;{}&#8221;][et_pb_row column_structure=&#8221;1_2,1_2&#8243; _builder_version=&#8221;4.27.4&#8243; _module_preset=&#8221;default&#8221; global_colors_info=&#8221;{}&#8221;][et_pb_column type=&#8221;1_2&#8243; _builder_version=&#8221;4.27.4&#8243; _module_preset=&#8221;default&#8221; global_colors_info=&#8221;{}&#8221;][et_pb_cta title=&#8221;Especial bodas&#8221; button_url=&#8221;https:\/\/wa.me\/message\/K6TDUEU4JPPWL1&#8243; button_text=&#8221;PIDE INFORMACI\u00d3N&#8221; _builder_version=&#8221;4.27.4&#8243; _module_preset=&#8221;default&#8221; global_colors_info=&#8221;{}&#8221;]<\/p>\n<p>Prepara tu piel para el d\u00eda con protocolos profesionales, personalizados y de alta eficacia. En WellCo te acompa\u00f1amos para que llegues radiante en el momento del \u201cs\u00ed\u201d con una piel saludable, luminosa y visiblemente renovada.<\/p>\n<p>[\/et_pb_cta][dipi_table_maker column_count=&#8221;2&#8243; _builder_version=&#8221;4.27.4&#8243; _module_preset=&#8221;default&#8221; table_title_font=&#8221;&#8211;et_global_heading_font|||on|||||&#8221; hover_enabled=&#8221;0&#8243; global_colors_info=&#8221;{}&#8221; sticky_enabled=&#8221;0&#8243;][dipi_table_maker_child _builder_version=&#8221;4.27.4&#8243; _module_preset=&#8221;default&#8221; hover_enabled=&#8221;0&#8243; global_colors_info=&#8221;{}&#8221; sticky_enabled=&#8221;0&#8243;]<\/p>\n<p>PACK 1 <strong style=\"padding-left: 15px;\">Wedding Skin Plan<\/strong><\/p>\n<p>[\/dipi_table_maker_child][dipi_table_maker_child _builder_version=&#8221;4.27.4&#8243; _module_preset=&#8221;default&#8221; hover_enabled=&#8221;0&#8243; global_colors_info=&#8221;{}&#8221; sticky_enabled=&#8221;0&#8243;]<\/p>\n<p>6 meses antes de la boda<\/p>\n<p>[\/dipi_table_maker_child][dipi_table_maker_child _builder_version=&#8221;4.27.4&#8243; _module_preset=&#8221;0410f303-ae78-4db3-a6e5-465e808ad18c&#8221; hover_enabled=&#8221;0&#8243; global_colors_info=&#8221;{}&#8221; col_span_num=&#8221;2&#8243; sticky_enabled=&#8221;0&#8243;]<\/p>\n<p>Preparar la piel desde adentro, equilibrar, hidratar y prevenir alteraciones. Es la base para una piel sana y receptiva en los tratamientos posteriores.<\/p>\n<p>[\/dipi_table_maker_child][dipi_table_maker_child _builder_version=&#8221;4.27.4&#8243; _module_preset=&#8221;default&#8221; hover_enabled=&#8221;0&#8243; global_colors_info=&#8221;{}&#8221; sticky_enabled=&#8221;0&#8243;]PACK 2 <strong style=\"padding-left: 15px;\">Radiant Bride Protocol<\/strong>[\/dipi_table_maker_child][dipi_table_maker_child _builder_version=&#8221;4.27.4&#8243; _module_preset=&#8221;default&#8221; global_colors_info=&#8221;{}&#8221;]3 meses antes de la boda[\/dipi_table_maker_child][dipi_table_maker_child _builder_version=&#8221;4.27.4&#8243; _module_preset=&#8221;0410f303-ae78-4db3-a6e5-465e808ad18c&#8221; hover_enabled=&#8221;0&#8243; global_colors_info=&#8221;{}&#8221; col_span_num=&#8221;2&#8243; sticky_enabled=&#8221;0&#8243;]<\/p>\n<p>Redefinir, reafirmar y afinar la piel. Profundizar en la firmeza, contorno y efecto <em>glow<\/em> natural.<\/p>\n<p>[\/dipi_table_maker_child][dipi_table_maker_child _builder_version=&#8221;4.27.4&#8243; _module_preset=&#8221;default&#8221; hover_enabled=&#8221;0&#8243; global_colors_info=&#8221;{}&#8221; sticky_enabled=&#8221;0&#8243;]PACK 3 <strong style=\"padding-left: 15px;\">Glow Final Touch<\/strong>[\/dipi_table_maker_child][dipi_table_maker_child _builder_version=&#8221;4.27.4&#8243; _module_preset=&#8221;default&#8221; global_colors_info=&#8221;{}&#8221;]1 mes antes de la boda[\/dipi_table_maker_child][dipi_table_maker_child _builder_version=&#8221;4.27.4&#8243; _module_preset=&#8221;0410f303-ae78-4db3-a6e5-465e808ad18c&#8221; hover_enabled=&#8221;0&#8243; global_colors_info=&#8221;{}&#8221; col_span_num=&#8221;2&#8243; sticky_enabled=&#8221;0&#8243;]<\/p>\n<p>Efecto luminoso inmediato, reafirmaci\u00f3n y descanso de la mirada. El toque final antes del maquillaje, las c\u00e1maras y del gran \u201cs\u00ed\u201d.<\/p>\n<p>[\/dipi_table_maker_child][\/dipi_table_maker][\/et_pb_column][et_pb_column type=&#8221;1_2&#8243; _builder_version=&#8221;4.27.4&#8243; _module_preset=&#8221;default&#8221; global_colors_info=&#8221;{}&#8221;][et_pb_image src=&#8221;https:\/\/wellco.cat\/wp-content\/uploads\/2025\/05\/web-3.jpg&#8221; title_text=&#8221;web (3)&#8221; _builder_version=&#8221;4.27.4&#8243; _module_preset=&#8221;default&#8221; global_colors_info=&#8221;{}&#8221;][\/et_pb_image][\/et_pb_column][\/et_pb_row][et_pb_row _builder_version=&#8221;4.27.4&#8243; _module_preset=&#8221;default&#8221; transform_translate_linked=&#8221;off&#8221; positioning=&#8221;absolute&#8221; position_origin_a=&#8221;bottom_left&#8221; z_index=&#8221;0&#8243; width=&#8221;100%&#8221; max_width=&#8221;600px&#8221; overflow-x=&#8221;hidden&#8221; overflow-y=&#8221;hidden&#8221; custom_padding=&#8221;0px||0px||false|false&#8221; animation_style=&#8221;fade&#8221; locked=&#8221;off&#8221; global_colors_info=&#8221;{}&#8221;][et_pb_column type=&#8221;4_4&#8243; _builder_version=&#8221;4.27.4&#8243; _module_preset=&#8221;default&#8221; global_colors_info=&#8221;{}&#8221;][et_pb_image src=&#8221;https:\/\/wellco.cat\/wp-content\/uploads\/2025\/04\/W-f1f1ef.svg&#8221; title_text=&#8221;W &#8211; f1f1ef&#8221; _builder_version=&#8221;4.27.4&#8243; _module_preset=&#8221;default&#8221; transform_translate=&#8221;-100px|5px&#8221; transform_translate_linked=&#8221;off&#8221; global_colors_info=&#8221;{}&#8221;][\/et_pb_image][\/et_pb_column][\/et_pb_row][\/et_pb_section][et_pb_section fb_built=&#8221;1&#8243; module_id=&#8221;embaras&#8221; _builder_version=&#8221;4.27.4&#8243; _module_preset=&#8221;default&#8221; background_color=&#8221;#F1F1EF&#8221; locked=&#8221;off&#8221; global_colors_info=&#8221;{}&#8221;][et_pb_row column_structure=&#8221;3_5,2_5&#8243; _builder_version=&#8221;4.27.4&#8243; _module_preset=&#8221;default&#8221; global_colors_info=&#8221;{}&#8221;][et_pb_column type=&#8221;3_5&#8243; _builder_version=&#8221;4.27.4&#8243; _module_preset=&#8221;default&#8221; global_colors_info=&#8221;{}&#8221;][et_pb_cta title=&#8221;TRATAMIENTOS PARA EMBARAZO Y POSTPARTO&#8221; _builder_version=&#8221;4.27.4&#8243; _module_preset=&#8221;default&#8221; global_colors_info=&#8221;{}&#8221;]Cada etapa tiene sus necesidades. En WellCo te acompa\u00f1amos con protocolos seguros, respetuosos y profesionales para cuidar tu piel y bienestar con delicadeza y resultados.[\/et_pb_cta][dipi_table_maker column_count=&#8221;3&#8243; _builder_version=&#8221;4.27.4&#8243; _module_preset=&#8221;default&#8221; table_title_font=&#8221;&#8211;et_global_heading_font|||on|||||&#8221; custom_padding=&#8221;|0px||||&#8221; global_colors_info=&#8221;{}&#8221;][dipi_table_maker_child _builder_version=&#8221;4.27.4&#8243; _module_preset=&#8221;default&#8221; global_colors_info=&#8221;{}&#8221;]<\/p>\n<p><strong>Bienestar Embarazo<\/strong><\/p>\n<p>[\/dipi_table_maker_child][dipi_table_maker_child _builder_version=&#8221;4.27.4&#8243; _module_preset=&#8221;default&#8221; global_colors_info=&#8221;{}&#8221;]<\/p>\n<p>65\u20ac<\/p>\n<p>[\/dipi_table_maker_child][dipi_table_maker_child _builder_version=&#8221;4.27.4&#8243; _module_preset=&#8221;d7c4b67e-2c30-4dbd-9a09-55c50a6766d4&#8243; link_option_url=&#8221;https:\/\/wellco.simplybook.it\/v2\/#book\/service\/46&#8243; link_option_url_new_window=&#8221;on&#8221; global_colors_info=&#8221;{}&#8221;]<\/p>\n<p>Reserva<\/p>\n<p>[\/dipi_table_maker_child][dipi_table_maker_child col_span_num=&#8221;3&#8243; _builder_version=&#8221;4.27.4&#8243; _module_preset=&#8221;0410f303-ae78-4db3-a6e5-465e808ad18c&#8221; global_colors_info=&#8221;{}&#8221;]<\/p>\n<p><strong>Tratamiento relajante y emocionalmente reparador.<br \/><\/strong>Un ritual sensorial que reduce el estr\u00e9s, mejora la calidad del sue\u00f1o, y conecta cuerpo y emoci\u00f3n en una etapa vital \u00fanica. Ideal a partir del segundo trimestre.<\/p>\n<p>[\/dipi_table_maker_child][dipi_table_maker_child _builder_version=&#8221;4.27.4&#8243; _module_preset=&#8221;default&#8221; global_colors_info=&#8221;{}&#8221;]<\/p>\n<p><strong>Reafirmaci\u00f3n Postpart<\/strong><\/p>\n<p>[\/dipi_table_maker_child][dipi_table_maker_child _builder_version=&#8221;4.27.4&#8243; _module_preset=&#8221;default&#8221; global_colors_info=&#8221;{}&#8221;]<\/p>\n<p>85\u20ac<\/p>\n<p>[\/dipi_table_maker_child][dipi_table_maker_child _builder_version=&#8221;4.27.4&#8243; _module_preset=&#8221;d7c4b67e-2c30-4dbd-9a09-55c50a6766d4&#8243; link_option_url=&#8221;https:\/\/wellco.simplybook.it\/v2\/#book\/service\/47&#8243; link_option_url_new_window=&#8221;on&#8221; global_colors_info=&#8221;{}&#8221;]<\/p>\n<p>Reserva<\/p>\n<p>[\/dipi_table_maker_child][dipi_table_maker_child col_span_num=&#8221;3&#8243; _builder_version=&#8221;4.27.4&#8243; _module_preset=&#8221;0410f303-ae78-4db3-a6e5-465e808ad18c&#8221; global_colors_info=&#8221;{}&#8221;]<\/p>\n<p><strong>Recupera la firmeza y calidad de tu piel.<\/strong><\/p>\n<p>Pensado para ayudarle a recuperar la firmeza y la calidad de la piel despu\u00e9s del parto. Tambi\u00e9n incluye especial atenci\u00f3n a la zona de la cicatriz de ces\u00e1rea, si es necesario, con t\u00e9cnicas suaves de regeneraci\u00f3n cut\u00e1nea y productos de alta tolerancia.<\/p>\n<p>[\/dipi_table_maker_child][dipi_table_maker_child _builder_version=&#8221;4.27.4&#8243; _module_preset=&#8221;default&#8221; global_colors_info=&#8221;{}&#8221;]<\/p>\n<p><strong>Diagn\u00f3stico Personalizado<\/strong><\/p>\n<p>[\/dipi_table_maker_child][dipi_table_maker_child _builder_version=&#8221;4.27.4&#8243; _module_preset=&#8221;default&#8221; global_colors_info=&#8221;{}&#8221;]<\/p>\n<p>Consulta gratuita<\/p>\n<p>[\/dipi_table_maker_child][dipi_table_maker_child _builder_version=&#8221;4.27.4&#8243; _module_preset=&#8221;d7c4b67e-2c30-4dbd-9a09-55c50a6766d4&#8243; link_option_url=&#8221;https:\/\/wa.me\/message\/K6TDUEU4JPPWL1&#8243; link_option_url_new_window=&#8221;on&#8221; global_colors_info=&#8221;{}&#8221;]<\/p>\n<p>Reserva<\/p>\n<p>[\/dipi_table_maker_child][dipi_table_maker_child col_span_num=&#8221;3&#8243; _builder_version=&#8221;4.27.4&#8243; _module_preset=&#8221;0410f303-ae78-4db3-a6e5-465e808ad18c&#8221; global_colors_info=&#8221;{}&#8221;]<\/p>\n<p>Te explicamos c\u00f3mo ha cambiado tu piel, qu\u00e9 hacer para cuidarla, qu\u00e9 ingredientes evitar durante el embarazo y la lactancia, y te ayudamos a crear tu rutina.<\/p>\n<p>[\/dipi_table_maker_child][\/dipi_table_maker][\/et_pb_column][et_pb_column type=&#8221;2_5&#8243; _builder_version=&#8221;4.27.4&#8243; _module_preset=&#8221;default&#8221; global_colors_info=&#8221;{}&#8221;][et_pb_image src=&#8221;https:\/\/wellco.cat\/wp-content\/uploads\/2025\/05\/web-2.jpg&#8221; title_text=&#8221;web (2)&#8221; _builder_version=&#8221;4.27.4&#8243; _module_preset=&#8221;default&#8221; global_colors_info=&#8221;{}&#8221;][\/et_pb_image][\/et_pb_column][\/et_pb_row][\/et_pb_section]<\/p>\n","protected":false},"excerpt":{"rendered":"<p>Cuidados personalizados por momentos y necesidades \u00fanicas En WellCo ofrecemos servicios espec\u00edficos para situaciones vitales que requieren una atenci\u00f3n especial: tratamientos adaptados para embarazo, bodas, piel oncol\u00f3gica o cuidado masculino. Siempre con sensibilidad, rigor y escucha activa.Tratamientos pensados para las necesidades espec\u00edficas de la piel y cuerpo masculino. Sesiones faciales y corporales que combinan eficiencia, [&hellip;]<\/p>\n","protected":false},"author":1,"featured_media":0,"parent":1650,"menu_order":0,"comment_status":"closed","ping_status":"closed","template":"","meta":{"_et_pb_use_builder":"on","_et_pb_old_content":"","_et_gb_content_width":"","footnotes":""},"class_list":["post-1659","page","type-page","status-publish","hentry"],"_links":{"self":[{"href":"https:\/\/wellco.cat\/es\/wp-json\/wp\/v2\/pages\/1659","targetHints":{"allow":["GET"]}}],"collection":[{"href":"https:\/\/wellco.cat\/es\/wp-json\/wp\/v2\/pages"}],"about":[{"href":"https:\/\/wellco.cat\/es\/wp-json\/wp\/v2\/types\/page"}],"author":[{"embeddable":true,"href":"https:\/\/wellco.cat\/es\/wp-json\/wp\/v2\/users\/1"}],"replies":[{"embeddable":true,"href":"https:\/\/wellco.cat\/es\/wp-json\/wp\/v2\/comments?post=1659"}],"version-history":[{"count":12,"href":"https:\/\/wellco.cat\/es\/wp-json\/wp\/v2\/pages\/1659\/revisions"}],"predecessor-version":[{"id":1830,"href":"https:\/\/wellco.cat\/es\/wp-json\/wp\/v2\/pages\/1659\/revisions\/1830"}],"up":[{"embeddable":true,"href":"https:\/\/wellco.cat\/es\/wp-json\/wp\/v2\/pages\/1650"}],"wp:attachment":[{"href":"https:\/\/wellco.cat\/es\/wp-json\/wp\/v2\/media?parent=1659"}],"curies":[{"name":"wp","href":"https:\/\/api.w.org\/{rel}","templated":true}]}}