{"id":1662,"date":"2025-06-09T11:22:15","date_gmt":"2025-06-09T09:22:15","guid":{"rendered":"https:\/\/wellco.cat\/servicios\/programas-de-tratamiento\/"},"modified":"2026-03-06T09:07:30","modified_gmt":"2026-03-06T08:07:30","slug":"programas-de-tratamiento","status":"publish","type":"page","link":"https:\/\/wellco.cat\/es\/servicios\/programas-de-tratamiento\/","title":{"rendered":"Programas de tratamiento"},"content":{"rendered":"<p>[et_pb_section fb_built=&#8221;1&#8243; fullwidth=&#8221;on&#8221; _builder_version=&#8221;4.27.4&#8243; _module_preset=&#8221;default&#8221; global_colors_info=&#8221;{}&#8221;][et_pb_fullwidth_header title=&#8221;Programas de tratamiento&#8221; _builder_version=&#8221;4.27.4&#8243; _module_preset=&#8221;default&#8221; global_colors_info=&#8221;{}&#8221;]<\/p>\n<h2>Faciales y corporales<\/h2>\n<p>Propuestas de tratamiento espec\u00edficas y pautadas que combinan sesiones en cabina con cosm\u00e9tica profesional y, en su caso, suplementaci\u00f3n. Ideales para abordar alteraciones cut\u00e1neas como manchas, acn\u00e9 o envejecimiento desde un enfoque global y sostenido. Incluyen diagn\u00f3stico, plan personalizado y seguimiento.<\/p>\n<p>[\/et_pb_fullwidth_header][\/et_pb_section][et_pb_section fb_built=&#8221;1&#8243; admin_label=&#8221;Section&#8221; module_id=&#8221;programes&#8221; _builder_version=&#8221;4.27.4&#8243; _module_preset=&#8221;default&#8221; global_colors_info=&#8221;{}&#8221;][et_pb_row column_structure=&#8221;3_4,1_4&#8243; _builder_version=&#8221;4.27.4&#8243; _module_preset=&#8221;default&#8221; custom_padding=&#8221;0px||0px||false|false&#8221; global_colors_info=&#8221;{}&#8221;][et_pb_column type=&#8221;3_4&#8243; _builder_version=&#8221;4.27.4&#8243; _module_preset=&#8221;default&#8221; global_colors_info=&#8221;{}&#8221;][et_pb_cta _builder_version=&#8221;4.27.4&#8243; _module_preset=&#8221;default&#8221; custom_margin=&#8221;||0px||false|false&#8221; global_colors_info=&#8221;{}&#8221;]<\/p>\n<p> <strong>Todos nuestros programas tendr\u00e1n una duraci\u00f3n m\u00e1xima de seis meses.<\/strong><\/p>\n<p>[\/et_pb_cta][et_pb_cta _builder_version=&#8221;4.27.4&#8243; _module_preset=&#8221;default&#8221; custom_margin=&#8221;||0px||false|false&#8221; global_colors_info=&#8221;{}&#8221;][\/et_pb_cta][\/et_pb_column][et_pb_column type=&#8221;1_4&#8243; _builder_version=&#8221;4.27.4&#8243; _module_preset=&#8221;default&#8221; global_colors_info=&#8221;{}&#8221;][\/et_pb_column][\/et_pb_row][et_pb_row admin_label=&#8221;Row&#8221; _builder_version=&#8221;4.27.4&#8243; _module_preset=&#8221;default&#8221; transform_translate_linked=&#8221;off&#8221; positioning=&#8221;absolute&#8221; position_origin_a=&#8221;bottom_right&#8221; width=&#8221;100%&#8221; max_width=&#8221;600px&#8221; overflow-x=&#8221;hidden&#8221; overflow-y=&#8221;hidden&#8221; custom_padding=&#8221;0px||0px||false|false&#8221; animation_style=&#8221;fade&#8221; locked=&#8221;off&#8221; global_colors_info=&#8221;{}&#8221;][et_pb_column type=&#8221;4_4&#8243; admin_label=&#8221;Column&#8221; _builder_version=&#8221;4.27.4&#8243; _module_preset=&#8221;default&#8221; global_colors_info=&#8221;{}&#8221;][et_pb_image src=&#8221;https:\/\/wellco.cat\/wp-content\/uploads\/2025\/04\/W-f1f1ef.svg&#8221; title_text=&#8221;W &#8211; f1f1ef&#8221; _builder_version=&#8221;4.27.4&#8243; _module_preset=&#8221;default&#8221; transform_translate=&#8221;100px|5px&#8221; transform_translate_linked=&#8221;off&#8221; position_origin_r=&#8221;bottom_right&#8221; z_index=&#8221;0&#8243; width=&#8221;100%&#8221; global_colors_info=&#8221;{}&#8221;][\/et_pb_image][\/et_pb_column][\/et_pb_row][et_pb_row column_structure=&#8221;1_3,1_3,1_3&#8243; use_custom_gutter=&#8221;on&#8221; gutter_width=&#8221;2&#8243; admin_label=&#8221;Row&#8221; _builder_version=&#8221;4.27.4&#8243; _module_preset=&#8221;default&#8221; custom_padding=&#8221;10px||||false|false&#8221; global_colors_info=&#8221;{}&#8221;][et_pb_column type=&#8221;1_3&#8243; admin_label=&#8221;Column&#8221; _builder_version=&#8221;4.27.4&#8243; _module_preset=&#8221;default&#8221; global_colors_info=&#8221;{}&#8221;][et_pb_cta button_url=&#8221;https:\/\/wellco.simplybook.it\/v2\/#book\/service\/42&#8243; url_new_window=&#8221;on&#8221; button_text=&#8221;Reserva&#8221; _builder_version=&#8221;4.27.5&#8243; _module_preset=&#8221;2942cdd3-5088-4512-8370-18bda2ee9bd9&#8243; background_image=&#8221;https:\/\/wellco.cat\/wp-content\/uploads\/2025\/07\/well-age.jpg&#8221; hover_enabled=&#8221;0&#8243; global_colors_info=&#8221;{}&#8221; sticky_enabled=&#8221;0&#8243;]<\/p>\n<p><strong>Programa de rejuvenecimiento facial &lt;0&gt; 5<\/strong> sesiones + 1 &#8211; 425\u20ac<\/p>\n<p>[\/et_pb_cta][et_pb_text _builder_version=&#8221;4.27.5&#8243; _module_preset=&#8221;default&#8221; text_font_size=&#8221;16px&#8221; text_line_height=&#8221;1.3em&#8221; hover_enabled=&#8221;0&#8243; global_colors_info=&#8221;{}&#8221; sticky_enabled=&#8221;0&#8243;]<\/p>\n<p>Programa de rejuvenecimiento facial totalmente personalizado para mejorar la luminosidad, firmeza y calidad de la piel seg\u00fan diagn\u00f3stico (arrugas, deshidrataci\u00f3n, textura irregular o p\u00e9rdida de tono). Incluye 6 sesiones con combinaci\u00f3n de cosm\u00e9tica avanzada y t\u00e9cnicas profesionales adaptadas a cada visita para conseguir un rostro m\u00e1s descansado y revitalizado.<\/p>\n<p>[\/et_pb_text][\/et_pb_column][et_pb_column type=&#8221;1_3&#8243; admin_label=&#8221;Column&#8221; _builder_version=&#8221;4.27.4&#8243; _module_preset=&#8221;default&#8221; global_colors_info=&#8221;{}&#8221;][et_pb_cta button_url=&#8221;https:\/\/wellco.simplybook.it\/v2\/#book\/service\/44&#8243; url_new_window=&#8221;on&#8221; button_text=&#8221;Reserva&#8221; _builder_version=&#8221;4.27.5&#8243; _module_preset=&#8221;2942cdd3-5088-4512-8370-18bda2ee9bd9&#8243; background_image=&#8221;https:\/\/wellco.cat\/wp-content\/uploads\/2025\/07\/acne-extrem.jpg&#8221; hover_enabled=&#8221;0&#8243; global_colors_info=&#8221;{}&#8221; sticky_enabled=&#8221;0&#8243;]<\/p>\n<p><strong>Programa de tratamiento para el acn\u00e9<span> <\/span><br \/><\/strong>6 sesiones &#8211; 350\u20ac<\/p>\n<p>[\/et_pb_cta][et_pb_text _builder_version=&#8221;4.27.5&#8243; _module_preset=&#8221;default&#8221; text_font_size=&#8221;16px&#8221; text_line_height=&#8221;1.3em&#8221; hover_enabled=&#8221;0&#8243; global_colors_info=&#8221;{}&#8221; sticky_enabled=&#8221;0&#8243;]<\/p>\n<p>Programa dise\u00f1ado para tratar el acn\u00e9 de manera est\u00e9tica y personalizada seg\u00fan el diagn\u00f3stico de la piel. Incluye 6 sesiones adaptadas a la fase del brote y la sensibilidad cut\u00e1nea, combinando protocolos profesionales y activos espec\u00edficos para purificar, calmar y reequilibrar, mejorando la textura, la uniformidad y el aspecto global.<\/p>\n<p>[\/et_pb_text][\/et_pb_column][et_pb_column type=&#8221;1_3&#8243; admin_label=&#8221;Column&#8221; _builder_version=&#8221;4.27.4&#8243; _module_preset=&#8221;default&#8221; global_colors_info=&#8221;{}&#8221;][et_pb_cta button_url=&#8221;https:\/\/wellco.simplybook.it\/v2\/#book\/service\/43&#8243; url_new_window=&#8221;on&#8221; button_text=&#8221;Reserva&#8221; _builder_version=&#8221;4.27.5&#8243; _module_preset=&#8221;2942cdd3-5088-4512-8370-18bda2ee9bd9&#8243; background_image=&#8221;https:\/\/wellco.cat\/wp-content\/uploads\/2025\/05\/WhatsApp-Image-2025-04-25-at-13.38.56.jpeg&#8221; hover_enabled=&#8221;0&#8243; global_colors_info=&#8221;{}&#8221; sticky_enabled=&#8221;0&#8243;]<\/p>\n<p><strong>Programa de remodelaci\u00f3n corporal<br \/><\/strong>7 sesiones + 1 &#8211; 590\u20ac<\/p>\n<p>[\/et_pb_cta][et_pb_text _builder_version=&#8221;4.27.5&#8243; _module_preset=&#8221;default&#8221; text_font_size=&#8221;16px&#8221; text_line_height=&#8221;1.3em&#8221; hover_enabled=&#8221;0&#8243; global_colors_info=&#8221;{}&#8221; sticky_enabled=&#8221;0&#8243;]<\/p>\n<p>Programa para remodelar y tonificar la silueta seg\u00fan tu diagn\u00f3stico corporal (celulitis, retenci\u00f3n, flacidez o volumen). Incluye 8 sesiones personalizadas combinando cosm\u00e9tica profesional y <strong>aparatolog\u00eda<\/strong> como r<strong>adiofrecuencia, presoterapia<\/strong> y otras t\u00e9cnicas avanzadas, adaptando cada sesi\u00f3n a la evoluci\u00f3n del tejido para potenciar resultados visibles.<\/p>\n<p>[\/et_pb_text][\/et_pb_column][\/et_pb_row][\/et_pb_section]<\/p>\n","protected":false},"excerpt":{"rendered":"<p>Faciales y corporales Propuestas de tratamiento espec\u00edficas y pautadas que combinan sesiones en cabina con cosm\u00e9tica profesional y, en su caso, suplementaci\u00f3n. Ideales para abordar alteraciones cut\u00e1neas como manchas, acn\u00e9 o envejecimiento desde un enfoque global y sostenido. Incluyen diagn\u00f3stico, plan personalizado y seguimiento. Todos nuestros programas tendr\u00e1n una duraci\u00f3n m\u00e1xima de seis meses.Programa de [&hellip;]<\/p>\n","protected":false},"author":1,"featured_media":0,"parent":1650,"menu_order":0,"comment_status":"closed","ping_status":"closed","template":"","meta":{"_et_pb_use_builder":"on","_et_pb_old_content":"","_et_gb_content_width":"","footnotes":""},"class_list":["post-1662","page","type-page","status-publish","hentry"],"_links":{"self":[{"href":"https:\/\/wellco.cat\/es\/wp-json\/wp\/v2\/pages\/1662","targetHints":{"allow":["GET"]}}],"collection":[{"href":"https:\/\/wellco.cat\/es\/wp-json\/wp\/v2\/pages"}],"about":[{"href":"https:\/\/wellco.cat\/es\/wp-json\/wp\/v2\/types\/page"}],"author":[{"embeddable":true,"href":"https:\/\/wellco.cat\/es\/wp-json\/wp\/v2\/users\/1"}],"replies":[{"embeddable":true,"href":"https:\/\/wellco.cat\/es\/wp-json\/wp\/v2\/comments?post=1662"}],"version-history":[{"count":7,"href":"https:\/\/wellco.cat\/es\/wp-json\/wp\/v2\/pages\/1662\/revisions"}],"predecessor-version":[{"id":2256,"href":"https:\/\/wellco.cat\/es\/wp-json\/wp\/v2\/pages\/1662\/revisions\/2256"}],"up":[{"embeddable":true,"href":"https:\/\/wellco.cat\/es\/wp-json\/wp\/v2\/pages\/1650"}],"wp:attachment":[{"href":"https:\/\/wellco.cat\/es\/wp-json\/wp\/v2\/media?parent=1662"}],"curies":[{"name":"wp","href":"https:\/\/api.w.org\/{rel}","templated":true}]}}