{"id":1665,"date":"2025-06-09T10:46:30","date_gmt":"2025-06-09T08:46:30","guid":{"rendered":"https:\/\/wellco.cat\/servicios\/tratamientos-corporales\/"},"modified":"2025-09-03T13:35:55","modified_gmt":"2025-09-03T11:35:55","slug":"tratamientos-corporales","status":"publish","type":"page","link":"https:\/\/wellco.cat\/es\/servicios\/tratamientos-corporales\/","title":{"rendered":"Tratamientos corporales"},"content":{"rendered":"<p>[et_pb_section fb_built=&#8221;1&#8243; fullwidth=&#8221;on&#8221; _builder_version=&#8221;4.27.4&#8243; _module_preset=&#8221;default&#8221; global_colors_info=&#8221;{}&#8221;][et_pb_fullwidth_header title=&#8221;Tratamientos corporales&#8221; _builder_version=&#8221;4.27.4&#8243; _module_preset=&#8221;default&#8221; global_colors_info=&#8221;{}&#8221;]<\/p>\n<h2>Protocolos corporales para mejorar, activar y cuidar tu cuerpo con sentido<\/h2>\n<p>Cuidamos el cuerpo con protocolos personalizados que combinan t\u00e9cnica manual, cosm\u00e9tica activa y tecnolog\u00eda de \u00faltima generaci\u00f3n. Tratamientos para mejorar la textura de la piel, favorecer la circulaci\u00f3n, reducir volumen o simplemente reconectar con el bienestar.<\/p>\n<p>[\/et_pb_fullwidth_header][\/et_pb_section][et_pb_section fb_built=&#8221;1&#8243; module_id=&#8221;corporal&#8221; _builder_version=&#8221;4.27.4&#8243; _module_preset=&#8221;default&#8221; global_colors_info=&#8221;{}&#8221;][et_pb_row column_structure=&#8221;3_4,1_4&#8243; disabled_on=&#8221;on|on|on&#8221; _builder_version=&#8221;4.27.4&#8243; _module_preset=&#8221;default&#8221; disabled=&#8221;on&#8221; global_colors_info=&#8221;{}&#8221;][et_pb_column type=&#8221;3_4&#8243; _builder_version=&#8221;4.27.4&#8243; _module_preset=&#8221;default&#8221; global_colors_info=&#8221;{}&#8221;][et_pb_cta title=&#8221;Tratamientos corporales&#8221; _builder_version=&#8221;4.27.4&#8243; _module_preset=&#8221;default&#8221; global_colors_info=&#8221;{}&#8221;]<\/p>\n<p>Cuidamos el cuerpo con protocolos personalizados que combinan t\u00e9cnica manual, cosm\u00e9tica activa y tecnolog\u00eda de \u00faltima generaci\u00f3n. Tratamientos para mejorar la textura de la piel, favorecer la circulaci\u00f3n, reducir volumen o simplemente reconectar con el bienestar.<\/p>\n<p>[\/et_pb_cta][\/et_pb_column][et_pb_column type=&#8221;1_4&#8243; _builder_version=&#8221;4.27.4&#8243; _module_preset=&#8221;default&#8221; global_colors_info=&#8221;{}&#8221;][\/et_pb_column][\/et_pb_row][et_pb_row _builder_version=&#8221;4.27.4&#8243; _module_preset=&#8221;default&#8221; custom_padding=&#8221;||0px|||&#8221; global_colors_info=&#8221;{}&#8221;][et_pb_column type=&#8221;4_4&#8243; _builder_version=&#8221;4.27.4&#8243; _module_preset=&#8221;default&#8221; global_colors_info=&#8221;{}&#8221;][et_pb_text _builder_version=&#8221;4.27.4&#8243; _module_preset=&#8221;default&#8221; global_colors_info=&#8221;{}&#8221;]<\/p>\n<h2>Los imprescindibles<\/h2>\n<p>[\/et_pb_text][\/et_pb_column][\/et_pb_row][et_pb_row column_structure=&#8221;1_3,1_3,1_3&#8243; use_custom_gutter=&#8221;on&#8221; gutter_width=&#8221;2&#8243; _builder_version=&#8221;4.27.4&#8243; _module_preset=&#8221;default&#8221; custom_padding=&#8221;10px||||false|false&#8221; global_colors_info=&#8221;{}&#8221;][et_pb_column type=&#8221;1_3&#8243; _builder_version=&#8221;4.27.4&#8243; _module_preset=&#8221;default&#8221; global_colors_info=&#8221;{}&#8221;][et_pb_cta button_url=&#8221;https:\/\/wellco.simplybook.it\/v2\/#book\/service\/9&#8243; url_new_window=&#8221;on&#8221; button_text=&#8221;Reserva&#8221; _builder_version=&#8221;4.27.4&#8243; _module_preset=&#8221;2942cdd3-5088-4512-8370-18bda2ee9bd9&#8243; background_image=&#8221;https:\/\/wellco.cat\/wp-content\/uploads\/2025\/07\/herbal-body-1.jpg&#8221; hover_enabled=&#8221;0&#8243; global_colors_info=&#8221;{}&#8221; alt=&#8221;Un dels tractaments corporals WellCo imprescindibles \u00e9s l&#8217;Herbal Treatment.&#8221; title_text=&#8221;Un dels tractaments corporals WellCo imprescindibles \u00e9s l&#8217;Herbal Treatment.&#8221; sticky_enabled=&#8221;0&#8243;]<\/p>\n<p><strong>Herbal Treatment<br \/><\/strong>70 min &#8211; 75\u20ac<\/p>\n<p>[\/et_pb_cta][et_pb_text _builder_version=&#8221;4.27.4&#8243; _module_preset=&#8221;default&#8221; global_colors_info=&#8221;{}&#8221;]<\/p>\n<p>Ciencia bot\u00e1nica mediterr\u00e1nea y masaje reductor de precisi\u00f3n. Reafirma, drena y mejora la elasticidad. Resultados visibles en la primera sesi\u00f3n.<\/p>\n<p>[\/et_pb_text][\/et_pb_column][et_pb_column type=&#8221;1_3&#8243; _builder_version=&#8221;4.27.4&#8243; _module_preset=&#8221;default&#8221; global_colors_info=&#8221;{}&#8221;][et_pb_cta button_url=&#8221;https:\/\/wellco.simplybook.it\/v2\/#book\/category\/2\/service\/40\/count\/1\/&#8221; url_new_window=&#8221;on&#8221; button_text=&#8221;Reserva&#8221; _builder_version=&#8221;4.27.4&#8243; _module_preset=&#8221;2942cdd3-5088-4512-8370-18bda2ee9bd9&#8243; background_image=&#8221;https:\/\/wellco.cat\/wp-content\/uploads\/2025\/05\/Corporal_Vertical-e1748606966477.jpg&#8221; hover_enabled=&#8221;0&#8243; global_colors_info=&#8221;{}&#8221; sticky_enabled=&#8221;0&#8243;]<\/p>\n<p><strong>Vossman\u00ae Sculpt Advance<br \/><\/strong>70 min &#8211; 85\u20ac<\/p>\n<p>[\/et_pb_cta][et_pb_text _builder_version=&#8221;4.27.4&#8243; _module_preset=&#8221;default&#8221; global_colors_info=&#8221;{}&#8221;]<\/p>\n<p>Radiofrecuencia avanzada que estimula col\u00e1geno, reduce flacidez y redefine la silueta. Alta potencia, efecto inmediato.<\/p>\n<p>[\/et_pb_text][\/et_pb_column][et_pb_column type=&#8221;1_3&#8243; _builder_version=&#8221;4.27.4&#8243; _module_preset=&#8221;default&#8221; global_colors_info=&#8221;{}&#8221;][et_pb_cta button_url=&#8221;https:\/\/wellco.simplybook.it\/v2\/#book\/service\/35&#8243; url_new_window=&#8221;on&#8221; button_text=&#8221;Reserva&#8221; _builder_version=&#8221;4.27.4&#8243; _module_preset=&#8221;2942cdd3-5088-4512-8370-18bda2ee9bd9&#8243; background_image=&#8221;https:\/\/wellco.cat\/wp-content\/uploads\/2025\/07\/golden-body.jpg&#8221; global_colors_info=&#8221;{}&#8221;]<\/p>\n<p><strong>Golden Ginger Body + LED<br \/><\/strong>70 min &#8211; 85\u20ac<\/p>\n<p>[\/et_pb_cta][et_pb_text _builder_version=&#8221;4.27.4&#8243; _module_preset=&#8221;default&#8221; global_colors_info=&#8221;{}&#8221;]Oro de 23k, jengibre y seda para tonificar, esculpir y revitalizar. Biotecnolog\u00eda y luz LED por una piel radiante y firme.[\/et_pb_text][\/et_pb_column][\/et_pb_row][et_pb_row _builder_version=&#8221;4.27.4&#8243; _module_preset=&#8221;default&#8221; transform_translate_linked=&#8221;off&#8221; positioning=&#8221;absolute&#8221; position_origin_a=&#8221;bottom_left&#8221; z_index=&#8221;0&#8243; width=&#8221;100%&#8221; max_width=&#8221;600px&#8221; overflow-x=&#8221;hidden&#8221; overflow-y=&#8221;hidden&#8221; custom_padding=&#8221;0px||0px||false|false&#8221; animation_style=&#8221;fade&#8221; locked=&#8221;off&#8221; global_colors_info=&#8221;{}&#8221;][et_pb_column type=&#8221;4_4&#8243; _builder_version=&#8221;4.27.4&#8243; _module_preset=&#8221;default&#8221; global_colors_info=&#8221;{}&#8221;][et_pb_image src=&#8221;https:\/\/wellco.cat\/wp-content\/uploads\/2025\/04\/W-f1f1ef.svg&#8221; title_text=&#8221;W &#8211; f1f1ef&#8221; _builder_version=&#8221;4.27.4&#8243; _module_preset=&#8221;default&#8221; transform_translate=&#8221;-100px|5px&#8221; transform_translate_linked=&#8221;off&#8221; global_colors_info=&#8221;{}&#8221;][\/et_pb_image][\/et_pb_column][\/et_pb_row][et_pb_row column_structure=&#8221;1_2,1_2&#8243; _builder_version=&#8221;4.27.4&#8243; _module_preset=&#8221;default&#8221; custom_padding=&#8221;||||false|false&#8221; global_colors_info=&#8221;{}&#8221;][et_pb_column type=&#8221;1_2&#8243; _builder_version=&#8221;4.27.4&#8243; _module_preset=&#8221;default&#8221; global_colors_info=&#8221;{}&#8221;][et_pb_text _builder_version=&#8221;4.27.4&#8243; _module_preset=&#8221;default&#8221; custom_margin=&#8221;||0px||false|false&#8221; global_colors_info=&#8221;{}&#8221;]<\/p>\n<h2>Detox i circulaci\u00f3n<\/h2>\n<p>[\/et_pb_text][dipi_table_maker _builder_version=&#8221;4.27.4&#8243; _module_preset=&#8221;default&#8221; table_title_font=&#8221;&#8211;et_global_heading_font|||on|||||&#8221; global_colors_info=&#8221;{}&#8221;][dipi_table_maker_child _builder_version=&#8221;4.27.4&#8243; _module_preset=&#8221;default&#8221; global_colors_info=&#8221;{}&#8221;]Thermo Body Detox[\/dipi_table_maker_child][dipi_table_maker_child _builder_version=&#8221;4.27.4&#8243; _module_preset=&#8221;default&#8221; global_colors_info=&#8221;{}&#8221;]60 min[\/dipi_table_maker_child][dipi_table_maker_child _builder_version=&#8221;4.27.4&#8243; _module_preset=&#8221;default&#8221; global_colors_info=&#8221;{}&#8221;]70 \u20ac[\/dipi_table_maker_child][dipi_table_maker_child _builder_version=&#8221;4.27.4&#8243; _module_preset=&#8221;d7c4b67e-2c30-4dbd-9a09-55c50a6766d4&#8243; link_option_url=&#8221;https:\/\/wellco.simplybook.it\/v2\/#book\/service\/28&#8243; link_option_url_new_window=&#8221;on&#8221; global_colors_info=&#8221;{}&#8221;]<\/p>\n<p>Reserva<\/p>\n<p>[\/dipi_table_maker_child][dipi_table_maker_child _builder_version=&#8221;4.27.4&#8243; _module_preset=&#8221;0410f303-ae78-4db3-a6e5-465e808ad18c&#8221; global_colors_info=&#8221;{}&#8221;]<\/p>\n<p>Tratamiento detox que combina lodo marino, Laminaria y mascarilla termoactiva para eliminar toxinas, mejorar circulaci\u00f3n y reequilibrar la energ\u00eda vital. Detox profundo con inspiraci\u00f3n oriental.<\/p>\n<p>[\/dipi_table_maker_child][dipi_table_maker_child _builder_version=&#8221;4.27.4&#8243; _module_preset=&#8221;default&#8221; global_colors_info=&#8221;{}&#8221;]Reset Dry Brushing[\/dipi_table_maker_child][dipi_table_maker_child _builder_version=&#8221;4.27.4&#8243; _module_preset=&#8221;default&#8221; global_colors_info=&#8221;{}&#8221;]<\/p>\n<p>60 min<\/p>\n<p>[\/dipi_table_maker_child][dipi_table_maker_child _builder_version=&#8221;4.27.4&#8243; _module_preset=&#8221;default&#8221; global_colors_info=&#8221;{}&#8221;]<\/p>\n<p>65 \u20ac<\/p>\n<p>[\/dipi_table_maker_child][dipi_table_maker_child _builder_version=&#8221;4.27.4&#8243; _module_preset=&#8221;d7c4b67e-2c30-4dbd-9a09-55c50a6766d4&#8243; link_option_url=&#8221;https:\/\/wellco.simplybook.it\/v2\/#book\/service\/30&#8243; link_option_url_new_window=&#8221;on&#8221; global_colors_info=&#8221;{}&#8221;]<\/p>\n<p>Reserva<\/p>\n<p>[\/dipi_table_maker_child][dipi_table_maker_child _builder_version=&#8221;4.27.4&#8243; _module_preset=&#8221;0410f303-ae78-4db3-a6e5-465e808ad18c&#8221; global_colors_info=&#8221;{}&#8221;]Ritual estimulante con cepillado en seco. Activa el drenaje linf\u00e1tico, reduce retenci\u00f3n de l\u00edquidos y alivia la pesadez de piernas, revitaliza el cuerpo y potencia la absorci\u00f3n de aceites nutritivos.[\/dipi_table_maker_child][dipi_table_maker_child _builder_version=&#8221;4.27.4&#8243; _module_preset=&#8221;default&#8221; global_colors_info=&#8221;{}&#8221;]Masage Signature Greek[\/dipi_table_maker_child][dipi_table_maker_child _builder_version=&#8221;4.27.4&#8243; _module_preset=&#8221;default&#8221; global_colors_info=&#8221;{}&#8221;]<\/p>\n<p>60 min<\/p>\n<p>[\/dipi_table_maker_child][dipi_table_maker_child _builder_version=&#8221;4.27.4&#8243; _module_preset=&#8221;default&#8221; global_colors_info=&#8221;{}&#8221;]<\/p>\n<p>65 \u20ac<\/p>\n<p>[\/dipi_table_maker_child][dipi_table_maker_child _builder_version=&#8221;4.27.4&#8243; _module_preset=&#8221;d7c4b67e-2c30-4dbd-9a09-55c50a6766d4&#8243; link_option_url=&#8221;https:\/\/wellco.simplybook.it\/v2\/#book\/service\/41&#8243; link_option_url_new_window=&#8221;on&#8221; global_colors_info=&#8221;{}&#8221;]<\/p>\n<p>Reserva<\/p>\n<p>[\/dipi_table_maker_child][dipi_table_maker_child _builder_version=&#8221;4.27.4&#8243; _module_preset=&#8221;0410f303-ae78-4db3-a6e5-465e808ad18c&#8221; global_colors_info=&#8221;{}&#8221;]Experiencia sensorial con nuestra colecci\u00f3n \u00fanica de aceites inspirados en la antigua Grecia, cuidadosamente dise\u00f1ados para acompa\u00f1ar un masaje revitalizante y de bienestar total.[\/dipi_table_maker_child][\/dipi_table_maker][\/et_pb_column][et_pb_column type=&#8221;1_2&#8243; _builder_version=&#8221;4.27.4&#8243; _module_preset=&#8221;default&#8221; global_colors_info=&#8221;{}&#8221;][et_pb_text _builder_version=&#8221;4.27.4&#8243; _module_preset=&#8221;default&#8221; custom_margin=&#8221;||0px||false|false&#8221; global_colors_info=&#8221;{}&#8221;]<\/p>\n<h2>Celulitis y reductores<\/h2>\n<p>[\/et_pb_text][dipi_table_maker _builder_version=&#8221;4.27.4&#8243; _module_preset=&#8221;default&#8221; table_title_font=&#8221;&#8211;et_global_heading_font|||on|||||&#8221; global_colors_info=&#8221;{}&#8221;][dipi_table_maker_child _builder_version=&#8221;4.27.4&#8243; _module_preset=&#8221;default&#8221; global_colors_info=&#8221;{}&#8221;]Thalassotherapy[\/dipi_table_maker_child][dipi_table_maker_child _builder_version=&#8221;4.27.4&#8243; _module_preset=&#8221;default&#8221; global_colors_info=&#8221;{}&#8221;]60 min[\/dipi_table_maker_child][dipi_table_maker_child _builder_version=&#8221;4.27.4&#8243; _module_preset=&#8221;default&#8221; global_colors_info=&#8221;{}&#8221;]75 \u20ac[\/dipi_table_maker_child][dipi_table_maker_child _builder_version=&#8221;4.27.4&#8243; _module_preset=&#8221;d7c4b67e-2c30-4dbd-9a09-55c50a6766d4&#8243; link_option_url=&#8221;https:\/\/wellco.simplybook.it\/v2\/#book\/service\/31&#8243; link_option_url_new_window=&#8221;on&#8221; global_colors_info=&#8221;{}&#8221;]<\/p>\n<p>Reserva<\/p>\n<p>[\/dipi_table_maker_child][dipi_table_maker_child _builder_version=&#8221;4.27.4&#8243; _module_preset=&#8221;0410f303-ae78-4db3-a6e5-465e808ad18c&#8221; link_option_url=&#8221;https:\/\/wellco.simplybook.it\/v2\/#book\/service\/31&#8243; link_option_url_new_window=&#8221;on&#8221; global_colors_info=&#8221;{}&#8221;]Algas y activos marinos aporta protecci\u00f3n antioxidante mientras trata la celulitis y reafirma la piel con resultados visibles. Una experiencia sensorial \u00fanica con texturas refinadas y aromas exquisitos.[\/dipi_table_maker_child][dipi_table_maker_child _builder_version=&#8221;4.27.4&#8243; _module_preset=&#8221;default&#8221; global_colors_info=&#8221;{}&#8221;]Thermo-Cryo Therapy[\/dipi_table_maker_child][dipi_table_maker_child _builder_version=&#8221;4.27.4&#8243; _module_preset=&#8221;default&#8221; global_colors_info=&#8221;{}&#8221;]<\/p>\n<p>60 min<\/p>\n<p>[\/dipi_table_maker_child][dipi_table_maker_child _builder_version=&#8221;4.27.4&#8243; _module_preset=&#8221;default&#8221; global_colors_info=&#8221;{}&#8221;]70 \u20ac[\/dipi_table_maker_child][dipi_table_maker_child _builder_version=&#8221;4.27.4&#8243; _module_preset=&#8221;d7c4b67e-2c30-4dbd-9a09-55c50a6766d4&#8243; link_option_url=&#8221;https:\/\/wellco.simplybook.it\/v2\/#book\/service\/32&#8243; link_option_url_new_window=&#8221;on&#8221; global_colors_info=&#8221;{}&#8221;]<\/p>\n<p>Reserva<\/p>\n<p>[\/dipi_table_maker_child][dipi_table_maker_child _builder_version=&#8221;4.27.4&#8243; _module_preset=&#8221;0410f303-ae78-4db3-a6e5-465e808ad18c&#8221; link_option_url=&#8221;https:\/\/wellco.simplybook.it\/v2\/#book\/service\/31&#8243; link_option_url_new_window=&#8221;on&#8221; global_colors_info=&#8221;{}&#8221;]Contraste t\u00e9rmico (calor + fr\u00edo) para estimular el metabolismo, activar la circulaci\u00f3n sangu\u00ednea y mejorar el sistema linf\u00e1tico. Ideal para tratar la celulitis y la tonificaci\u00f3n global.[\/dipi_table_maker_child][dipi_table_maker_child _builder_version=&#8221;4.27.4&#8243; _module_preset=&#8221;default&#8221; global_colors_info=&#8221;{}&#8221;]Microneedling Body Contour+[\/dipi_table_maker_child][dipi_table_maker_child _builder_version=&#8221;4.27.4&#8243; _module_preset=&#8221;default&#8221; global_colors_info=&#8221;{}&#8221;]<\/p>\n<p>60 min<\/p>\n<p>[\/dipi_table_maker_child][dipi_table_maker_child _builder_version=&#8221;4.27.4&#8243; _module_preset=&#8221;default&#8221; global_colors_info=&#8221;{}&#8221;]<\/p>\n<p>95 \u20ac<\/p>\n<p>[\/dipi_table_maker_child][dipi_table_maker_child _builder_version=&#8221;4.27.4&#8243; _module_preset=&#8221;d7c4b67e-2c30-4dbd-9a09-55c50a6766d4&#8243; link_option_url=&#8221;https:\/\/wellco.simplybook.it\/v2\/#book\/service\/33&#8243; link_option_url_new_window=&#8221;on&#8221; global_colors_info=&#8221;{}&#8221;]<\/p>\n<p>Reserva<\/p>\n<p>[\/dipi_table_maker_child][dipi_table_maker_child _builder_version=&#8221;4.27.4&#8243; _module_preset=&#8221;0410f303-ae78-4db3-a6e5-465e808ad18c&#8221; link_option_url=&#8221;https:\/\/wellco.simplybook.it\/v2\/#book\/service\/31&#8243; link_option_url_new_window=&#8221;on&#8221; global_colors_info=&#8221;{}&#8221;]Microneedling corporal junto a activos como la cafe\u00edna y carnitina. Reafirma, reduce y moldea brazos, piernas, gl\u00fateos y abdomen. Acci\u00f3n intensiva (trata zonas concretas) y personalizada.[\/dipi_table_maker_child][\/dipi_table_maker][\/et_pb_column][\/et_pb_row][\/et_pb_section]<\/p>\n","protected":false},"excerpt":{"rendered":"<p>Protocolos corporales para mejorar, activar y cuidar tu cuerpo con sentido Cuidamos el cuerpo con protocolos personalizados que combinan t\u00e9cnica manual, cosm\u00e9tica activa y tecnolog\u00eda de \u00faltima generaci\u00f3n. Tratamientos para mejorar la textura de la piel, favorecer la circulaci\u00f3n, reducir volumen o simplemente reconectar con el bienestar.Cuidamos el cuerpo con protocolos personalizados que combinan t\u00e9cnica [&hellip;]<\/p>\n","protected":false},"author":1,"featured_media":0,"parent":1650,"menu_order":0,"comment_status":"closed","ping_status":"closed","template":"","meta":{"_et_pb_use_builder":"on","_et_pb_old_content":"","_et_gb_content_width":"","footnotes":""},"class_list":["post-1665","page","type-page","status-publish","hentry"],"_links":{"self":[{"href":"https:\/\/wellco.cat\/es\/wp-json\/wp\/v2\/pages\/1665","targetHints":{"allow":["GET"]}}],"collection":[{"href":"https:\/\/wellco.cat\/es\/wp-json\/wp\/v2\/pages"}],"about":[{"href":"https:\/\/wellco.cat\/es\/wp-json\/wp\/v2\/types\/page"}],"author":[{"embeddable":true,"href":"https:\/\/wellco.cat\/es\/wp-json\/wp\/v2\/users\/1"}],"replies":[{"embeddable":true,"href":"https:\/\/wellco.cat\/es\/wp-json\/wp\/v2\/comments?post=1665"}],"version-history":[{"count":12,"href":"https:\/\/wellco.cat\/es\/wp-json\/wp\/v2\/pages\/1665\/revisions"}],"predecessor-version":[{"id":1829,"href":"https:\/\/wellco.cat\/es\/wp-json\/wp\/v2\/pages\/1665\/revisions\/1829"}],"up":[{"embeddable":true,"href":"https:\/\/wellco.cat\/es\/wp-json\/wp\/v2\/pages\/1650"}],"wp:attachment":[{"href":"https:\/\/wellco.cat\/es\/wp-json\/wp\/v2\/media?parent=1665"}],"curies":[{"name":"wp","href":"https:\/\/api.w.org\/{rel}","templated":true}]}}