{"id":1713,"date":"2025-05-27T08:37:49","date_gmt":"2025-05-27T07:37:49","guid":{"rendered":"https:\/\/wellco.cat\/producte\/bewell-dermabalance-facial-60-min\/"},"modified":"2025-08-28T09:54:53","modified_gmt":"2025-08-28T07:54:53","slug":"bewell-dermabalance-facial-60-min","status":"publish","type":"product","link":"https:\/\/wellco.cat\/es\/producto\/bewell-dermabalance-facial-60-min\/","title":{"rendered":"BeWell DermaBalance Facial &#8211; 60 min"},"content":{"rendered":"","protected":false},"excerpt":{"rendered":"<p>Fusiona la cosm\u00e9tica alemana de Methode Brigitte Kettner con un masaje de digitopresi\u00f3n especializado, activando puntos energ\u00e9ticos clave del rostro para reequilibrar, revitalizar y fortalecer la piel desde la primera sesi\u00f3n. <\/p>\n","protected":false},"featured_media":837,"template":"","meta":{"_et_pb_use_builder":"","_et_pb_old_content":"","_et_gb_content_width":""},"product_brand":[],"product_cat":[55],"product_tag":[],"class_list":{"0":"post-1713","1":"product","2":"type-product","3":"status-publish","4":"has-post-thumbnail","6":"product_cat-regala-wellco-es","8":"first","9":"instock","10":"virtual","11":"sold-individually","12":"taxable","13":"purchasable","14":"product-type-simple"},"exclude_global_add_ons":[],"addons":[],"_links":{"self":[{"href":"https:\/\/wellco.cat\/es\/wp-json\/wp\/v2\/product\/1713","targetHints":{"allow":["GET"]}}],"collection":[{"href":"https:\/\/wellco.cat\/es\/wp-json\/wp\/v2\/product"}],"about":[{"href":"https:\/\/wellco.cat\/es\/wp-json\/wp\/v2\/types\/product"}],"wp:featuredmedia":[{"embeddable":true,"href":"https:\/\/wellco.cat\/es\/wp-json\/wp\/v2\/media\/837"}],"wp:attachment":[{"href":"https:\/\/wellco.cat\/es\/wp-json\/wp\/v2\/media?parent=1713"}],"wp:term":[{"taxonomy":"product_brand","embeddable":true,"href":"https:\/\/wellco.cat\/es\/wp-json\/wp\/v2\/product_brand?post=1713"},{"taxonomy":"product_cat","embeddable":true,"href":"https:\/\/wellco.cat\/es\/wp-json\/wp\/v2\/product_cat?post=1713"},{"taxonomy":"product_tag","embeddable":true,"href":"https:\/\/wellco.cat\/es\/wp-json\/wp\/v2\/product_tag?post=1713"}],"curies":[{"name":"wp","href":"https:\/\/api.w.org\/{rel}","templated":true}]}}